{"id":121,"date":"2019-07-17T11:21:34","date_gmt":"2019-07-17T11:21:34","guid":{"rendered":"http:\/\/barrelspa.ee\/?page_id=121"},"modified":"2024-05-21T07:45:33","modified_gmt":"2024-05-21T07:45:33","slug":"kuhu-tulla","status":"publish","type":"page","link":"https:\/\/barrelspa.ee\/en\/kuhu-tulla\/","title":{"rendered":"Directions"},"content":{"rendered":"<p>We are located at Lohu St. 4 in Elva, where the handover and return of the hot tub and trailer sauna take place.<br><\/p>\n\n\n\n<iframe loading=\"lazy\" src=\"https:\/\/www.google.com\/maps\/embed?pb=!1m18!1m12!1m3!1d2100.1593051875334!2d26.408795815508107!3d58.23883060501383!2m3!1f0!2f0!3f0!3m2!1i1024!2i768!4f13.1!3m3!1m2!1s0x46eb407b3c0e55c3%3A0x66783c28ff7fea5e!2sLohu%204%2C%20Elva%2C%2061506%20Tartu%20maakond!5e0!3m2!1set!2see!4v1612877403508!5m2!1set!2see\" width=\"600\" height=\"450\" frameborder=\"0\" style=\"border:0;\" allowfullscreen=\"\" aria-hidden=\"false\" tabindex=\"0\"><\/iframe>","protected":false},"excerpt":{"rendered":"<p>We are located at Lohu St. 4 in Elva, where the handover and return of the hot tub and trailer sauna take place.<\/p>","protected":false},"author":1,"featured_media":0,"parent":0,"menu_order":0,"comment_status":"closed","ping_status":"closed","template":"","meta":{"footnotes":""},"class_list":["post-121","page","type-page","status-publish","hentry"],"yoast_head":"<!-- This site is optimized with the Yoast SEO plugin v27.4 - https:\/\/yoast.com\/product\/yoast-seo-wordpress\/ -->\n<title>Barrelspa k\u00fcmblust\u00fcnni rent Elvas- Asukoht - Kuhu tulla - Juhised - Kontakt<\/title>\n<meta name=\"description\" content=\"K\u00fcmblust\u00fcnni ja haagissauna rent - Barrelspa k\u00fcmblust\u00fcnni k\u00e4ttesaamiseks leia asukoht kaardilt - Elva linn - Elva vald - Tartumaa - L\u00f5una-Eesti - Valgamaa\" \/>\n<meta name=\"robots\" content=\"index, follow, max-snippet:-1, max-image-preview:large, max-video-preview:-1\" \/>\n<link rel=\"canonical\" href=\"https:\/\/barrelspa.ee\/en\/kuhu-tulla\/\" \/>\n<meta property=\"og:locale\" content=\"en_US\" \/>\n<meta property=\"og:type\" content=\"article\" \/>\n<meta property=\"og:title\" content=\"Barrelspa k\u00fcmblust\u00fcnni rent Elvas- Asukoht - Kuhu tulla - Juhised - Kontakt\" \/>\n<meta property=\"og:description\" content=\"K\u00fcmblust\u00fcnni ja haagissauna rent - Barrelspa k\u00fcmblust\u00fcnni k\u00e4ttesaamiseks leia asukoht kaardilt - Elva linn - Elva vald - Tartumaa - L\u00f5una-Eesti - Valgamaa\" \/>\n<meta property=\"og:url\" content=\"https:\/\/barrelspa.ee\/en\/kuhu-tulla\/\" \/>\n<meta property=\"og:site_name\" content=\"K\u00fcmblust\u00fcnni ja haagissauna rent\" \/>\n<meta property=\"article:modified_time\" content=\"2024-05-21T07:45:33+00:00\" \/>\n<meta name=\"twitter:card\" content=\"summary_large_image\" \/>\n<meta name=\"twitter:label1\" content=\"Est. reading time\" \/>\n\t<meta name=\"twitter:data1\" content=\"1 minute\" \/>\n<script type=\"application\/ld+json\" class=\"yoast-schema-graph\">{\"@context\":\"https:\\\/\\\/schema.org\",\"@graph\":[{\"@type\":\"WebPage\",\"@id\":\"https:\\\/\\\/barrelspa.ee\\\/kuhu-tulla\\\/\",\"url\":\"https:\\\/\\\/barrelspa.ee\\\/kuhu-tulla\\\/\",\"name\":\"Barrelspa k\u00fcmblust\u00fcnni rent Elvas- Asukoht - Kuhu tulla - Juhised - Kontakt\",\"isPartOf\":{\"@id\":\"https:\\\/\\\/barrelspa.ee\\\/#website\"},\"datePublished\":\"2019-07-17T11:21:34+00:00\",\"dateModified\":\"2024-05-21T07:45:33+00:00\",\"description\":\"K\u00fcmblust\u00fcnni ja haagissauna rent - Barrelspa k\u00fcmblust\u00fcnni k\u00e4ttesaamiseks leia asukoht kaardilt - Elva linn - Elva vald - Tartumaa - L\u00f5una-Eesti - Valgamaa\",\"breadcrumb\":{\"@id\":\"https:\\\/\\\/barrelspa.ee\\\/kuhu-tulla\\\/#breadcrumb\"},\"inLanguage\":\"en-US\",\"potentialAction\":[{\"@type\":\"ReadAction\",\"target\":[\"https:\\\/\\\/barrelspa.ee\\\/kuhu-tulla\\\/\"]}]},{\"@type\":\"BreadcrumbList\",\"@id\":\"https:\\\/\\\/barrelspa.ee\\\/kuhu-tulla\\\/#breadcrumb\",\"itemListElement\":[{\"@type\":\"ListItem\",\"position\":1,\"name\":\"Home\",\"item\":\"https:\\\/\\\/barrelspa.ee\\\/\"},{\"@type\":\"ListItem\",\"position\":2,\"name\":\"Kuhu tulla\"}]},{\"@type\":\"WebSite\",\"@id\":\"https:\\\/\\\/barrelspa.ee\\\/#website\",\"url\":\"https:\\\/\\\/barrelspa.ee\\\/\",\"name\":\"K\u00fcmblust\u00fcnni ja haagissauna rent\",\"description\":\"Tartumaal ja L\u00f5una-Eestis\",\"potentialAction\":[{\"@type\":\"SearchAction\",\"target\":{\"@type\":\"EntryPoint\",\"urlTemplate\":\"https:\\\/\\\/barrelspa.ee\\\/?s={search_term_string}\"},\"query-input\":{\"@type\":\"PropertyValueSpecification\",\"valueRequired\":true,\"valueName\":\"search_term_string\"}}],\"inLanguage\":\"en-US\"}]}<\/script>\n<!-- \/ Yoast SEO plugin. -->","yoast_head_json":{"title":"Barrelspa k\u00fcmblust\u00fcnni rent Elvas- Asukoht - Kuhu tulla - Juhised - Kontakt","description":"K\u00fcmblust\u00fcnni ja haagissauna rent - Barrelspa k\u00fcmblust\u00fcnni k\u00e4ttesaamiseks leia asukoht kaardilt - Elva linn - Elva vald - Tartumaa - L\u00f5una-Eesti - Valgamaa","robots":{"index":"index","follow":"follow","max-snippet":"max-snippet:-1","max-image-preview":"max-image-preview:large","max-video-preview":"max-video-preview:-1"},"canonical":"https:\/\/barrelspa.ee\/en\/kuhu-tulla\/","og_locale":"en_US","og_type":"article","og_title":"Barrelspa k\u00fcmblust\u00fcnni rent Elvas- Asukoht - Kuhu tulla - Juhised - Kontakt","og_description":"K\u00fcmblust\u00fcnni ja haagissauna rent - Barrelspa k\u00fcmblust\u00fcnni k\u00e4ttesaamiseks leia asukoht kaardilt - Elva linn - Elva vald - Tartumaa - L\u00f5una-Eesti - Valgamaa","og_url":"https:\/\/barrelspa.ee\/en\/kuhu-tulla\/","og_site_name":"K\u00fcmblust\u00fcnni ja haagissauna rent","article_modified_time":"2024-05-21T07:45:33+00:00","twitter_card":"summary_large_image","twitter_misc":{"Est. reading time":"1 minute"},"schema":{"@context":"https:\/\/schema.org","@graph":[{"@type":"WebPage","@id":"https:\/\/barrelspa.ee\/kuhu-tulla\/","url":"https:\/\/barrelspa.ee\/kuhu-tulla\/","name":"Barrelspa k\u00fcmblust\u00fcnni rent Elvas- Asukoht - Kuhu tulla - Juhised - Kontakt","isPartOf":{"@id":"https:\/\/barrelspa.ee\/#website"},"datePublished":"2019-07-17T11:21:34+00:00","dateModified":"2024-05-21T07:45:33+00:00","description":"K\u00fcmblust\u00fcnni ja haagissauna rent - Barrelspa k\u00fcmblust\u00fcnni k\u00e4ttesaamiseks leia asukoht kaardilt - Elva linn - Elva vald - Tartumaa - L\u00f5una-Eesti - Valgamaa","breadcrumb":{"@id":"https:\/\/barrelspa.ee\/kuhu-tulla\/#breadcrumb"},"inLanguage":"en-US","potentialAction":[{"@type":"ReadAction","target":["https:\/\/barrelspa.ee\/kuhu-tulla\/"]}]},{"@type":"BreadcrumbList","@id":"https:\/\/barrelspa.ee\/kuhu-tulla\/#breadcrumb","itemListElement":[{"@type":"ListItem","position":1,"name":"Home","item":"https:\/\/barrelspa.ee\/"},{"@type":"ListItem","position":2,"name":"Kuhu tulla"}]},{"@type":"WebSite","@id":"https:\/\/barrelspa.ee\/#website","url":"https:\/\/barrelspa.ee\/","name":"Hottub and trailer sauna rent","description":"In Tartumaa and South Estonia","potentialAction":[{"@type":"SearchAction","target":{"@type":"EntryPoint","urlTemplate":"https:\/\/barrelspa.ee\/?s={search_term_string}"},"query-input":{"@type":"PropertyValueSpecification","valueRequired":true,"valueName":"search_term_string"}}],"inLanguage":"en-US"}]}},"_links":{"self":[{"href":"https:\/\/barrelspa.ee\/en\/wp-json\/wp\/v2\/pages\/121","targetHints":{"allow":["GET"]}}],"collection":[{"href":"https:\/\/barrelspa.ee\/en\/wp-json\/wp\/v2\/pages"}],"about":[{"href":"https:\/\/barrelspa.ee\/en\/wp-json\/wp\/v2\/types\/page"}],"author":[{"embeddable":true,"href":"https:\/\/barrelspa.ee\/en\/wp-json\/wp\/v2\/users\/1"}],"replies":[{"embeddable":true,"href":"https:\/\/barrelspa.ee\/en\/wp-json\/wp\/v2\/comments?post=121"}],"version-history":[{"count":5,"href":"https:\/\/barrelspa.ee\/en\/wp-json\/wp\/v2\/pages\/121\/revisions"}],"predecessor-version":[{"id":667,"href":"https:\/\/barrelspa.ee\/en\/wp-json\/wp\/v2\/pages\/121\/revisions\/667"}],"wp:attachment":[{"href":"https:\/\/barrelspa.ee\/en\/wp-json\/wp\/v2\/media?parent=121"}],"curies":[{"name":"wp","href":"https:\/\/api.w.org\/{rel}","templated":true}]}}