{"id":122,"date":"2019-07-17T11:21:34","date_gmt":"2019-07-17T11:21:34","guid":{"rendered":"http:\/\/barrelspa.ee\/?page_id=122"},"modified":"2024-05-21T13:33:50","modified_gmt":"2024-05-21T13:33:50","slug":"kumblustunni-kasutusjuhend","status":"publish","type":"page","link":"https:\/\/barrelspa.ee\/en\/kumblustunni-kasutusjuhend\/","title":{"rendered":"User manuals"},"content":{"rendered":"<h2 class=\"wp-block-heading\">Hot-tub user manual<\/h2>\n\n\n\n<h3 class=\"wp-block-heading\">Preparations before usage<\/h3>\n\n\n\n<ol class=\"wp-block-list\">\n<li> Look for a flat and firm surface where you plan to install the hot tub. Using the trailer's support wheel, release the trailer and move it to the correct spot. Keep in mind that once the tub is filled, it will no longer be possible to move it.  <\/li>\n\n\n\n<li> Secure the trailer with wheel chocks and place wooden blocks under the support legs. <\/li>\n\n\n\n<li> Use the reducers to adjust the trailer corner supports to approx. 2-3cm above the wooden blocks. This way, when the barrel is full, part of the load is also transferred to the trailers drive axle. Make sure that the trailer is as levelled as possible. <\/li>\n\n\n\n<li> Raise the front support wheel to the upper position.  <\/li>\n\n\n\n<li> Assemble the chimney pipe and attach it on the oven. <\/li>\n\n\n\n<li> Make sure the drain is closed and start filling the barrel with water. The optimal water level is ~ 15cm from the edge.  <\/li>\n\n\n\n<li> The hot tub, which is completely or partially filled with water, must not be transported. <\/li>\n\n\n\n<li> Do not start heating the oven until the upper water circulating openings are ~ 10 cm under water. <\/li>\n\n\n\n<li> Only firewood is suitable for heating. During heating, it is recommended to cover the barrel with PVC cover and mix the water after every ~30 minutes. The included paddle or bubble system may be used for mixing.  <\/li>\n\n\n\n<li> Depending on the desired water temperature, it usually takes 2-3 hours to heat the barrel and two or three 40L firewood bags.  <\/li>\n\n\n\n<li> The recommended water temperature is 35-38 \u00b0 C. Heating water above 40 degrees, which can be hazardous to health, should be avoided. <\/li>\n<\/ol>\n\n\n\n<h3 class=\"wp-block-heading\">After usage<\/h3>\n\n\n\n<ol class=\"wp-block-list\">\n<li> When you have finished using the hot tub and the fire is extinguished, you can start draining the water. To drain, use the supplied draining hose to direct the water to a suitable location. <\/li>\n\n\n\n<li> In winter, when air temperature may drop below zero, it must be ensured that water in the hot tub and oven does not freeze. To prevent freezing, the water should be drained right after usage. <\/li>\n\n\n\n<li> Drain the oven water jacket through the cap attached to the bottom of the oven. <\/li>\n\n\n\n<li> Clean used tools and place them in the correct place. <\/li>\n\n\n\n<li> The hot tub can be washed with a pressure washer and a soft sponge or cloth. The use of sharp objects and chemicals when cleaning the barrel is forbidden! <\/li>\n\n\n\n<li> Attach the PVC cover on the barrel. <\/li>\n\n\n\n<li> Prior to transport, make sure that the support legs are raised and in a horizontal position. Make sure that the trailer is correctly attached to the car's towbar.<\/li>\n<\/ol>\n\n\n<p><!--EndFragment--><\/p>\n\n\n<h2 class=\"wp-block-heading has-medium-font-size\"><strong>Sauna trailer user guide<\/strong><\/h2>\n\n\n\n<h3 class=\"wp-block-heading has-medium-font-size\">Preparations before usage<\/h3>\n\n\n\n<ol class=\"wp-block-list\">\n<li>Look for a flat and firm surface where you plan to install the trailer sauna. Using the trailer's support wheel, release the trailer and move it to the correct spot.  <\/li>\n\n\n\n<li> Secure the trailer with wheel chocks, place wooden blocks under the support legs, and adjust the trailer to be as level as possible, using the trailer's support wheel if necessary. <\/li>\n\n\n\n<li>  Only dry firewood with a length of up to 30 cm is suitable for heating.<\/li>\n\n\n\n<li>The maximum allowed temperature for the steam room is +90\u00b0C. Higher temperatures pose a risk of overheating the sauna and potential fire hazards.<\/li>\n<\/ol>\n\n\n\n<h3 class=\"wp-block-heading has-medium-font-size\">After usage<\/h3>\n\n\n\n<ol class=\"wp-block-list\">\n<li>Clean the sauna and the stove\u2019s heating chamber. <\/li>\n\n\n\n<li>Place the accessories in their designated spots and empty the water tank.<\/li>\n\n\n\n<li>Before transporting, make sure that the windows and door are closed, the support legs are in the raised position, and there are no loose items inside the sauna. <\/li>\n<\/ol>","protected":false},"excerpt":{"rendered":"<p>K\u00fcmblust\u00fcnni kasutusjuhend Ettevalmistused enne kasutamist Peale kasutamist Haagissauna kasutusjuhend Ettevalmistused enne kasutamist Peale kasutamist<\/p>","protected":false},"author":1,"featured_media":0,"parent":0,"menu_order":0,"comment_status":"closed","ping_status":"closed","template":"","meta":{"footnotes":""},"class_list":["post-122","page","type-page","status-publish","hentry"],"yoast_head":"<!-- This site is optimized with the Yoast SEO plugin v27.4 - https:\/\/yoast.com\/product\/yoast-seo-wordpress\/ -->\n<title>K\u00fcmblust\u00fcnni kasutusjuhend - K\u00fcmblust\u00fcnni ja haagissauna rent Barrelspa.ee<\/title>\n<meta name=\"description\" content=\"Meie k\u00fcmblust\u00fcnni \u00fcles seadmine ei ole raske ega ka keeruline. Parima k\u00fcmbluselamuse saamiseks j\u00e4rgige meie k\u00fcmblust\u00fcnni kasutusjuhendit.\" \/>\n<meta name=\"robots\" content=\"index, follow, max-snippet:-1, max-image-preview:large, max-video-preview:-1\" \/>\n<link rel=\"canonical\" href=\"https:\/\/barrelspa.ee\/en\/kumblustunni-kasutusjuhend\/\" \/>\n<meta property=\"og:locale\" content=\"en_US\" \/>\n<meta property=\"og:type\" content=\"article\" \/>\n<meta property=\"og:title\" content=\"K\u00fcmblust\u00fcnni kasutusjuhend - K\u00fcmblust\u00fcnni ja haagissauna rent Barrelspa.ee\" \/>\n<meta property=\"og:description\" content=\"Meie k\u00fcmblust\u00fcnni \u00fcles seadmine ei ole raske ega ka keeruline. Parima k\u00fcmbluselamuse saamiseks j\u00e4rgige meie k\u00fcmblust\u00fcnni kasutusjuhendit.\" \/>\n<meta property=\"og:url\" content=\"https:\/\/barrelspa.ee\/en\/kumblustunni-kasutusjuhend\/\" \/>\n<meta property=\"og:site_name\" content=\"K\u00fcmblust\u00fcnni ja haagissauna rent\" \/>\n<meta property=\"article:modified_time\" content=\"2024-05-21T13:33:50+00:00\" \/>\n<meta name=\"twitter:card\" content=\"summary_large_image\" \/>\n<meta name=\"twitter:label1\" content=\"Est. reading time\" \/>\n\t<meta name=\"twitter:data1\" content=\"3 minutes\" \/>\n<script type=\"application\/ld+json\" class=\"yoast-schema-graph\">{\"@context\":\"https:\\\/\\\/schema.org\",\"@graph\":[{\"@type\":\"WebPage\",\"@id\":\"https:\\\/\\\/barrelspa.ee\\\/kumblustunni-kasutusjuhend\\\/\",\"url\":\"https:\\\/\\\/barrelspa.ee\\\/kumblustunni-kasutusjuhend\\\/\",\"name\":\"K\u00fcmblust\u00fcnni kasutusjuhend - K\u00fcmblust\u00fcnni ja haagissauna rent Barrelspa.ee\",\"isPartOf\":{\"@id\":\"https:\\\/\\\/barrelspa.ee\\\/#website\"},\"datePublished\":\"2019-07-17T11:21:34+00:00\",\"dateModified\":\"2024-05-21T13:33:50+00:00\",\"description\":\"Meie k\u00fcmblust\u00fcnni \u00fcles seadmine ei ole raske ega ka keeruline. Parima k\u00fcmbluselamuse saamiseks j\u00e4rgige meie k\u00fcmblust\u00fcnni kasutusjuhendit.\",\"breadcrumb\":{\"@id\":\"https:\\\/\\\/barrelspa.ee\\\/kumblustunni-kasutusjuhend\\\/#breadcrumb\"},\"inLanguage\":\"en-US\",\"potentialAction\":[{\"@type\":\"ReadAction\",\"target\":[\"https:\\\/\\\/barrelspa.ee\\\/kumblustunni-kasutusjuhend\\\/\"]}]},{\"@type\":\"BreadcrumbList\",\"@id\":\"https:\\\/\\\/barrelspa.ee\\\/kumblustunni-kasutusjuhend\\\/#breadcrumb\",\"itemListElement\":[{\"@type\":\"ListItem\",\"position\":1,\"name\":\"Home\",\"item\":\"https:\\\/\\\/barrelspa.ee\\\/\"},{\"@type\":\"ListItem\",\"position\":2,\"name\":\"Kasutusjuhendid\"}]},{\"@type\":\"WebSite\",\"@id\":\"https:\\\/\\\/barrelspa.ee\\\/#website\",\"url\":\"https:\\\/\\\/barrelspa.ee\\\/\",\"name\":\"K\u00fcmblust\u00fcnni ja haagissauna rent\",\"description\":\"Tartumaal ja L\u00f5una-Eestis\",\"potentialAction\":[{\"@type\":\"SearchAction\",\"target\":{\"@type\":\"EntryPoint\",\"urlTemplate\":\"https:\\\/\\\/barrelspa.ee\\\/?s={search_term_string}\"},\"query-input\":{\"@type\":\"PropertyValueSpecification\",\"valueRequired\":true,\"valueName\":\"search_term_string\"}}],\"inLanguage\":\"en-US\"}]}<\/script>\n<!-- \/ Yoast SEO plugin. -->","yoast_head_json":{"title":"K\u00fcmblust\u00fcnni kasutusjuhend - K\u00fcmblust\u00fcnni ja haagissauna rent Barrelspa.ee","description":"Meie k\u00fcmblust\u00fcnni \u00fcles seadmine ei ole raske ega ka keeruline. Parima k\u00fcmbluselamuse saamiseks j\u00e4rgige meie k\u00fcmblust\u00fcnni kasutusjuhendit.","robots":{"index":"index","follow":"follow","max-snippet":"max-snippet:-1","max-image-preview":"max-image-preview:large","max-video-preview":"max-video-preview:-1"},"canonical":"https:\/\/barrelspa.ee\/en\/kumblustunni-kasutusjuhend\/","og_locale":"en_US","og_type":"article","og_title":"K\u00fcmblust\u00fcnni kasutusjuhend - K\u00fcmblust\u00fcnni ja haagissauna rent Barrelspa.ee","og_description":"Meie k\u00fcmblust\u00fcnni \u00fcles seadmine ei ole raske ega ka keeruline. Parima k\u00fcmbluselamuse saamiseks j\u00e4rgige meie k\u00fcmblust\u00fcnni kasutusjuhendit.","og_url":"https:\/\/barrelspa.ee\/en\/kumblustunni-kasutusjuhend\/","og_site_name":"K\u00fcmblust\u00fcnni ja haagissauna rent","article_modified_time":"2024-05-21T13:33:50+00:00","twitter_card":"summary_large_image","twitter_misc":{"Est. reading time":"3 minutes"},"schema":{"@context":"https:\/\/schema.org","@graph":[{"@type":"WebPage","@id":"https:\/\/barrelspa.ee\/kumblustunni-kasutusjuhend\/","url":"https:\/\/barrelspa.ee\/kumblustunni-kasutusjuhend\/","name":"K\u00fcmblust\u00fcnni kasutusjuhend - K\u00fcmblust\u00fcnni ja haagissauna rent Barrelspa.ee","isPartOf":{"@id":"https:\/\/barrelspa.ee\/#website"},"datePublished":"2019-07-17T11:21:34+00:00","dateModified":"2024-05-21T13:33:50+00:00","description":"Meie k\u00fcmblust\u00fcnni \u00fcles seadmine ei ole raske ega ka keeruline. Parima k\u00fcmbluselamuse saamiseks j\u00e4rgige meie k\u00fcmblust\u00fcnni kasutusjuhendit.","breadcrumb":{"@id":"https:\/\/barrelspa.ee\/kumblustunni-kasutusjuhend\/#breadcrumb"},"inLanguage":"en-US","potentialAction":[{"@type":"ReadAction","target":["https:\/\/barrelspa.ee\/kumblustunni-kasutusjuhend\/"]}]},{"@type":"BreadcrumbList","@id":"https:\/\/barrelspa.ee\/kumblustunni-kasutusjuhend\/#breadcrumb","itemListElement":[{"@type":"ListItem","position":1,"name":"Home","item":"https:\/\/barrelspa.ee\/"},{"@type":"ListItem","position":2,"name":"Kasutusjuhendid"}]},{"@type":"WebSite","@id":"https:\/\/barrelspa.ee\/#website","url":"https:\/\/barrelspa.ee\/","name":"Hottub and trailer sauna rent","description":"In Tartumaa and South Estonia","potentialAction":[{"@type":"SearchAction","target":{"@type":"EntryPoint","urlTemplate":"https:\/\/barrelspa.ee\/?s={search_term_string}"},"query-input":{"@type":"PropertyValueSpecification","valueRequired":true,"valueName":"search_term_string"}}],"inLanguage":"en-US"}]}},"_links":{"self":[{"href":"https:\/\/barrelspa.ee\/en\/wp-json\/wp\/v2\/pages\/122","targetHints":{"allow":["GET"]}}],"collection":[{"href":"https:\/\/barrelspa.ee\/en\/wp-json\/wp\/v2\/pages"}],"about":[{"href":"https:\/\/barrelspa.ee\/en\/wp-json\/wp\/v2\/types\/page"}],"author":[{"embeddable":true,"href":"https:\/\/barrelspa.ee\/en\/wp-json\/wp\/v2\/users\/1"}],"replies":[{"embeddable":true,"href":"https:\/\/barrelspa.ee\/en\/wp-json\/wp\/v2\/comments?post=122"}],"version-history":[{"count":5,"href":"https:\/\/barrelspa.ee\/en\/wp-json\/wp\/v2\/pages\/122\/revisions"}],"predecessor-version":[{"id":704,"href":"https:\/\/barrelspa.ee\/en\/wp-json\/wp\/v2\/pages\/122\/revisions\/704"}],"wp:attachment":[{"href":"https:\/\/barrelspa.ee\/en\/wp-json\/wp\/v2\/media?parent=122"}],"curies":[{"name":"wp","href":"https:\/\/api.w.org\/{rel}","templated":true}]}}