{"id":2,"date":"2019-07-02T19:56:20","date_gmt":"2019-07-02T19:56:20","guid":{"rendered":"http:\/\/barrelspa.ee\/?page_id=2"},"modified":"2026-02-08T15:14:35","modified_gmt":"2026-02-08T15:14:35","slug":"avaleht","status":"publish","type":"page","link":"https:\/\/barrelspa.ee\/en\/","title":{"rendered":"Barrelspa hottub and trailer sauna rent"},"content":{"rendered":"<div class=\"wp-block-group\"><div class=\"wp-block-group__inner-container is-layout-flow wp-block-group-is-layout-flow\">\n<p class=\"has-text-align-left\">Barrelspa.ee offers quality <a href=\"https:\/\/et.wikipedia.org\/wiki\/Saun\">hot tub<\/a>hot tub and trailer sauna (barrel sauna) rentals in Tartumaa and South Estonia. The hot tub, also known as a barrel sauna, and the trailer sauna, also called a barrel sauna, can be used year-round and are transportable by car with a tow hitch (B-category).\n\nIn addition, we rent out party tents, garden furniture, and event equipment. Take advantage of this opportunity to make any event or gathering relaxing and unforgettable!\n\nWe are located in Elva. <\/p>\n\n\n<div class=\"n2-section-smartslider fitvidsignore  n2_clear\" data-ssid=\"2\"><div id=\"n2-ss-2-align\" class=\"n2-ss-align\"><div class=\"n2-padding\"><div id=\"n2-ss-2\" data-creator=\"Smart Slider 3\" data-responsive=\"auto\" class=\"n2-ss-slider n2-ow n2-has-hover n2notransition\">\n\n\n\n<div class=\"n2-ss-slider-wrapper-inside\">\n        <div class=\"n2-ss-slider-1 n2_ss__touch_element n2-ow\">\n            <div class=\"n2-ss-slider-2 n2-ow\">\n                                                <div class=\"n2-ss-slider-3 n2-ow\">\n\n                    <div class=\"n2-ss-slide-backgrounds n2-ow-all\"><div class=\"n2-ss-slide-background\" data-public-id=\"1\" data-mode=\"fill\" aria-hidden=\"true\"><div class=\"n2-ss-slide-background-image\" data-blur=\"0\" data-opacity=\"100\" data-x=\"44\" data-y=\"85\" data-alt=\"\" data-title=\"\" style=\"--ss-o-pos-x:44%;--ss-o-pos-y:85%\"><picture class=\"skip-lazy\" data-skip-lazy=\"1\"><img decoding=\"async\" src=\"\/\/barrelspa.ee\/wp-content\/uploads\/2022\/07\/120260308_626943481300758_4298186964997948693_n.jpg\" alt=\"\" title=\"\" loading=\"lazy\" class=\"skip-lazy\" data-skip-lazy=\"1\"><\/picture><\/div><div data-color=\"RGBA(255,255,255,0)\" style=\"background-color: RGBA(255,255,255,0);\" class=\"n2-ss-slide-background-color\"><\/div><\/div><div class=\"n2-ss-slide-background\" data-public-id=\"2\" data-mode=\"fill\" aria-hidden=\"true\"><div class=\"n2-ss-slide-background-image\" data-blur=\"0\" data-opacity=\"100\" data-x=\"53\" data-y=\"20\" data-alt=\"\" data-title=\"\" style=\"--ss-o-pos-x:53%;--ss-o-pos-y:20%\"><picture class=\"skip-lazy\" data-skip-lazy=\"1\"><img decoding=\"async\" src=\"\/\/barrelspa.ee\/wp-content\/uploads\/2019\/07\/cropped-received_2154420384848439-e1562661316306-2.jpeg\" alt=\"\" title=\"\" loading=\"lazy\" class=\"skip-lazy\" data-skip-lazy=\"1\"><\/picture><\/div><div data-color=\"RGBA(255,255,255,0)\" style=\"background-color: RGBA(255,255,255,0);\" class=\"n2-ss-slide-background-color\"><\/div><\/div><div class=\"n2-ss-slide-background\" data-public-id=\"3\" data-mode=\"fill\"><div class=\"n2-ss-slide-background-image\" data-blur=\"0\" data-opacity=\"100\" data-x=\"65\" data-y=\"72\" data-alt=\"\" data-title=\"\" style=\"--ss-o-pos-x:65%;--ss-o-pos-y:72%\"><picture class=\"skip-lazy\" data-skip-lazy=\"1\"><img decoding=\"async\" src=\"\/\/barrelspa.ee\/wp-content\/uploads\/2022\/06\/287583885_985733602088409_4249450863788723812_n.jpg\" alt=\"\" title=\"\" loading=\"lazy\" class=\"skip-lazy\" data-skip-lazy=\"1\"><\/picture><\/div><div data-color=\"RGBA(255,255,255,0)\" style=\"background-color: RGBA(255,255,255,0);\" class=\"n2-ss-slide-background-color\"><\/div><\/div><div class=\"n2-ss-slide-background\" data-public-id=\"4\" data-mode=\"fill\" aria-hidden=\"true\"><div class=\"n2-ss-slide-background-image\" data-blur=\"0\" data-opacity=\"100\" data-x=\"65\" data-y=\"84\" data-alt=\"\" data-title=\"\" style=\"--ss-o-pos-x:65%;--ss-o-pos-y:84%\"><picture class=\"skip-lazy\" data-skip-lazy=\"1\"><img decoding=\"async\" src=\"\/\/barrelspa.ee\/wp-content\/uploads\/2019\/09\/67588809_374035266591582_9018222962616041472_n.jpg\" alt=\"\" title=\"\" loading=\"lazy\" class=\"skip-lazy\" data-skip-lazy=\"1\"><\/picture><\/div><div data-color=\"RGBA(255,255,255,0)\" style=\"background-color: RGBA(255,255,255,0);\" class=\"n2-ss-slide-background-color\"><\/div><\/div><div class=\"n2-ss-slide-background\" data-public-id=\"5\" data-mode=\"fill\" aria-hidden=\"true\"><div class=\"n2-ss-slide-background-image\" data-blur=\"0\" data-opacity=\"100\" data-x=\"53\" data-y=\"57\" data-alt=\"\" data-title=\"\" style=\"--ss-o-pos-x:53%;--ss-o-pos-y:57%\"><picture class=\"skip-lazy\" data-skip-lazy=\"1\"><img decoding=\"async\" src=\"\/\/barrelspa.ee\/wp-content\/uploads\/2022\/07\/120260308_626943481300758_4298186964997948693_n.jpg\" alt=\"\" title=\"\" loading=\"lazy\" class=\"skip-lazy\" data-skip-lazy=\"1\"><\/picture><\/div><div data-color=\"RGBA(255,255,255,0)\" style=\"background-color: RGBA(255,255,255,0);\" class=\"n2-ss-slide-background-color\"><\/div><\/div><\/div>                    <div class=\"n2-ss-slider-4 n2-ow\">\n                        <svg xmlns=\"http:\/\/www.w3.org\/2000\/svg\" viewbox=\"0 0 400 300\" data-related-device=\"desktopPortrait\" class=\"n2-ow n2-ss-preserve-size n2-ss-preserve-size--slider n2-ss-slide-limiter\"><\/svg><div data-slide-duration=\"0\" data-id=\"4\" data-slide-public-id=\"1\" aria-hidden=\"true\" data-title=\"120260308_626943481300758_4298186964997948693_n\" class=\"n2-ss-slide n2-ow  n2-ss-slide-4\"><div role=\"note\" class=\"n2-ss-slide--focus\" tabindex=\"-1\">120260308_626943481300758_4298186964997948693_n<\/div><div class=\"n2-ss-layers-container n2-ss-slide-limiter n2-ow\"><div class=\"n2-ss-layer n2-ow n-uc-UGyQjYeMFeca\" data-sstype=\"slide\" data-pm=\"default\"><\/div><\/div><\/div><div data-slide-duration=\"0\" data-id=\"5\" data-slide-public-id=\"2\" aria-hidden=\"true\" data-title=\"cropped-received_2154420384848439-e1562661316306-2.jpeg\" class=\"n2-ss-slide n2-ow  n2-ss-slide-5\"><div role=\"note\" class=\"n2-ss-slide--focus\" tabindex=\"-1\">cropped-received_2154420384848439-e1562661316306-2.jpeg<\/div><div class=\"n2-ss-layers-container n2-ss-slide-limiter n2-ow\"><div class=\"n2-ss-layer n2-ow n-uc-JgUvhm3aKfXy\" data-sstype=\"slide\" data-pm=\"default\"><\/div><\/div><\/div><div data-first=\"1\" data-slide-duration=\"0\" data-id=\"6\" data-slide-public-id=\"3\" data-title=\"287583885_985733602088409_4249450863788723812_n\" class=\"n2-ss-slide n2-ow  n2-ss-slide-6\"><div role=\"note\" class=\"n2-ss-slide--focus\" tabindex=\"-1\">287583885_985733602088409_4249450863788723812_n<\/div><div class=\"n2-ss-layers-container n2-ss-slide-limiter n2-ow\"><div class=\"n2-ss-layer n2-ow n-uc-ve7HN7EupT0r\" data-sstype=\"slide\" data-pm=\"default\"><\/div><\/div><\/div><div data-slide-duration=\"0\" data-id=\"7\" data-slide-public-id=\"4\" aria-hidden=\"true\" data-title=\"67588809_374035266591582_9018222962616041472_n\" class=\"n2-ss-slide n2-ow  n2-ss-slide-7\"><div role=\"note\" class=\"n2-ss-slide--focus\" tabindex=\"-1\">67588809_374035266591582_9018222962616041472_n<\/div><div class=\"n2-ss-layers-container n2-ss-slide-limiter n2-ow\"><div class=\"n2-ss-layer n2-ow n-uc-hbkrS6KulmzW\" data-sstype=\"slide\" data-pm=\"default\"><\/div><\/div><\/div><div data-slide-duration=\"0\" data-id=\"11\" data-slide-public-id=\"5\" aria-hidden=\"true\" data-title=\"120260308_626943481300758_4298186964997948693_n\" class=\"n2-ss-slide n2-ow  n2-ss-slide-11\"><div role=\"note\" class=\"n2-ss-slide--focus\" tabindex=\"-1\">120260308_626943481300758_4298186964997948693_n<\/div><div class=\"n2-ss-layers-container n2-ss-slide-limiter n2-ow\"><div class=\"n2-ss-layer n2-ow n-uc-0N2hxacVE9Gk\" data-sstype=\"slide\" data-pm=\"default\"><\/div><\/div><\/div>                    <\/div>\n\n                                    <\/div>\n            <\/div>\n        <\/div>\n        <div class=\"n2-ss-slider-controls n2-ss-slider-controls-absolute-left-center\"><div style=\"--widget-offset:15px;\" class=\"n2-ss-widget nextend-arrow n2-ow-all nextend-arrow-previous  nextend-arrow-animated-fade\" data-hide-mobileportrait=\"1\" id=\"n2-ss-2-arrow-previous\" role=\"button\" aria-label=\"previous arrow\" tabindex=\"0\"><img loading=\"lazy\" decoding=\"async\" width=\"32\" height=\"32\" class=\"skip-lazy\" data-skip-lazy=\"1\" src=\"data:image\/svg+xml;base64,PHN2ZyB3aWR0aD0iMzIiIGhlaWdodD0iMzIiIHZpZXdCb3g9IjAgMCAzMiAzMiIgeG1sbnM9Imh0dHA6Ly93d3cudzMub3JnLzIwMDAvc3ZnIj4KICAgIDxwYXRoIGQ9Ik0xMS40MzMgMTUuOTkyTDIyLjY5IDUuNzEyYy4zOTMtLjM5LjM5My0xLjAzIDAtMS40Mi0uMzkzLS4zOS0xLjAzLS4zOS0xLjQyMyAwbC0xMS45OCAxMC45NGMtLjIxLjIxLS4zLjQ5LS4yODUuNzYtLjAxNS4yOC4wNzUuNTYuMjg0Ljc3bDExLjk4IDEwLjk0Yy4zOTMuMzkgMS4wMy4zOSAxLjQyNCAwIC4zOTMtLjQuMzkzLTEuMDMgMC0xLjQybC0xMS4yNTctMTAuMjkiCiAgICAgICAgICBmaWxsPSIjZmZmZmZmIiBvcGFjaXR5PSIwLjgiIGZpbGwtcnVsZT0iZXZlbm9kZCIvPgo8L3N2Zz4=\" alt=\"previous arrow\"><\/div><\/div><div class=\"n2-ss-slider-controls n2-ss-slider-controls-absolute-right-center\"><div style=\"--widget-offset:15px;\" class=\"n2-ss-widget nextend-arrow n2-ow-all nextend-arrow-next  nextend-arrow-animated-fade\" data-hide-mobileportrait=\"1\" id=\"n2-ss-2-arrow-next\" role=\"button\" aria-label=\"next arrow\" tabindex=\"0\"><img loading=\"lazy\" decoding=\"async\" width=\"32\" height=\"32\" class=\"skip-lazy\" data-skip-lazy=\"1\" src=\"data:image\/svg+xml;base64,PHN2ZyB3aWR0aD0iMzIiIGhlaWdodD0iMzIiIHZpZXdCb3g9IjAgMCAzMiAzMiIgeG1sbnM9Imh0dHA6Ly93d3cudzMub3JnLzIwMDAvc3ZnIj4KICAgIDxwYXRoIGQ9Ik0xMC43MjIgNC4yOTNjLS4zOTQtLjM5LTEuMDMyLS4zOS0xLjQyNyAwLS4zOTMuMzktLjM5MyAxLjAzIDAgMS40MmwxMS4yODMgMTAuMjgtMTEuMjgzIDEwLjI5Yy0uMzkzLjM5LS4zOTMgMS4wMiAwIDEuNDIuMzk1LjM5IDEuMDMzLjM5IDEuNDI3IDBsMTIuMDA3LTEwLjk0Yy4yMS0uMjEuMy0uNDkuMjg0LS43Ny4wMTQtLjI3LS4wNzYtLjU1LS4yODYtLjc2TDEwLjcyIDQuMjkzeiIKICAgICAgICAgIGZpbGw9IiNmZmZmZmYiIG9wYWNpdHk9IjAuOCIgZmlsbC1ydWxlPSJldmVub2RkIi8+Cjwvc3ZnPg==\" alt=\"next arrow\"><\/div><\/div><div class=\"n2-ss-slider-controls n2-ss-slider-controls-absolute-center-bottom\"><div style=\"--widget-offset:10px;\" class=\"n2-ss-widget n2-ss-control-bullet n2-ow-all n2-ss-control-bullet-horizontal\"><div class=\"nextend-bullet-bar n2-bar-justify-content-center\" role=\"group\" aria-label=\"Choose slide to display.\"><div class=\"n2-bullet n2-style-7c5731d32b971634addbf0241184681a-dot\" style=\"visibility:hidden;\"><\/div><\/div><\/div><\/div><\/div><\/div><ss3-loader><\/ss3-loader><\/div><\/div><div class=\"n2_clear\"><\/div><\/div>\n\n\n<h1 class=\"wp-block-heading has-medium-font-size\"><strong>Hottub<\/strong> &#8211; <a href=\"https:\/\/barrelspa.ee\/en\/broneeringud\/\"><mark style=\"background-color:rgba(0, 0, 0, 0)\" class=\"has-inline-color has-vivid-green-cyan-color\">Book now<\/mark><\/a><\/h1>\n\n\n\n<ul class=\"wp-block-list\">\n<li>1,8x2,4m - Accommodates 7\u201310 people<\/li>\n\n\n\n<li>Water amount 1600 l<\/li>\n\n\n\n<li>Bubble system and led lights<\/li>\n\n\n\n<li>V\u00f5imas 40kw puuk\u00fcttega v\u00e4lisahi <br>(heating time ~3h)<\/li>\n<\/ul>\n\n\n<div class=\"n2-section-smartslider fitvidsignore  n2_clear\" data-ssid=\"3\"><div id=\"n2-ss-3-align\" class=\"n2-ss-align\"><div class=\"n2-padding\"><div id=\"n2-ss-3\" data-creator=\"Smart Slider 3\" data-responsive=\"auto\" class=\"n2-ss-slider n2-ow n2-has-hover n2notransition\">\n\n\n\n\n\n\n\n<div class=\"n2-ss-slider-wrapper-inside\">\n        <div class=\"n2-ss-slider-1 n2_ss__touch_element n2-ow\">\n            <div class=\"n2-ss-slider-2 n2-ow\">\n                                                <div class=\"n2-ss-slider-3 n2-ow\">\n\n                    <div class=\"n2-ss-slide-backgrounds n2-ow-all\"><div class=\"n2-ss-slide-background\" data-public-id=\"1\" data-mode=\"fill\"><div class=\"n2-ss-slide-background-image\" data-blur=\"0\" data-opacity=\"100\" data-x=\"46\" data-y=\"38\" data-alt=\"\" data-title=\"\" style=\"--ss-o-pos-x:46%;--ss-o-pos-y:38%\"><picture class=\"skip-lazy\" data-skip-lazy=\"1\"><img decoding=\"async\" src=\"\/\/barrelspa.ee\/wp-content\/uploads\/2024\/05\/IMG_20240516_224516_101-scaled.jpg\" alt=\"\" title=\"\" loading=\"lazy\" class=\"skip-lazy\" data-skip-lazy=\"1\"><\/picture><\/div><div data-color=\"RGBA(255,255,255,0)\" style=\"background-color: RGBA(255,255,255,0);\" class=\"n2-ss-slide-background-color\"><\/div><\/div><div class=\"n2-ss-slide-background\" data-public-id=\"2\" data-mode=\"fill\" aria-hidden=\"true\"><div class=\"n2-ss-slide-background-image\" data-blur=\"0\" data-opacity=\"100\" data-x=\"32\" data-y=\"64\" data-alt=\"\" data-title=\"\" style=\"--ss-o-pos-x:32%;--ss-o-pos-y:64%\"><picture class=\"skip-lazy\" data-skip-lazy=\"1\"><img decoding=\"async\" src=\"\/\/barrelspa.ee\/wp-content\/uploads\/2024\/05\/20240517_210726-scaled.jpg\" alt=\"\" title=\"\" loading=\"lazy\" class=\"skip-lazy\" data-skip-lazy=\"1\"><\/picture><\/div><div data-color=\"RGBA(255,255,255,0)\" style=\"background-color: RGBA(255,255,255,0);\" class=\"n2-ss-slide-background-color\"><\/div><\/div><div class=\"n2-ss-slide-background\" data-public-id=\"3\" data-mode=\"fill\" aria-hidden=\"true\"><div class=\"n2-ss-slide-background-image\" data-blur=\"0\" data-opacity=\"100\" data-x=\"57\" data-y=\"77\" data-alt=\"\" data-title=\"\" style=\"--ss-o-pos-x:57%;--ss-o-pos-y:77%\"><picture class=\"skip-lazy\" data-skip-lazy=\"1\"><img decoding=\"async\" src=\"\/\/barrelspa.ee\/wp-content\/uploads\/2024\/05\/20240517_210616-scaled.jpg\" alt=\"\" title=\"\" loading=\"lazy\" class=\"skip-lazy\" data-skip-lazy=\"1\"><\/picture><\/div><div data-color=\"RGBA(255,255,255,0)\" style=\"background-color: RGBA(255,255,255,0);\" class=\"n2-ss-slide-background-color\"><\/div><\/div><\/div>                    <div class=\"n2-ss-slider-4 n2-ow\">\n                        <svg xmlns=\"http:\/\/www.w3.org\/2000\/svg\" viewbox=\"0 0 400 300\" data-related-device=\"desktopPortrait\" class=\"n2-ow n2-ss-preserve-size n2-ss-preserve-size--slider n2-ss-slide-limiter\"><\/svg><div data-first=\"1\" data-slide-duration=\"0\" data-id=\"8\" data-slide-public-id=\"1\" data-title=\"IMG_20240516_224516_101\" class=\"n2-ss-slide n2-ow  n2-ss-slide-8\"><div role=\"note\" class=\"n2-ss-slide--focus\" tabindex=\"-1\">IMG_20240516_224516_101<\/div><div class=\"n2-ss-layers-container n2-ss-slide-limiter n2-ow\"><div class=\"n2-ss-layer n2-ow n-uc-YEkTr8xBpMzQ\" data-sstype=\"slide\" data-pm=\"default\"><\/div><\/div><\/div><div data-slide-duration=\"0\" data-id=\"9\" data-slide-public-id=\"2\" aria-hidden=\"true\" data-title=\"20240517_210726\" class=\"n2-ss-slide n2-ow  n2-ss-slide-9\"><div role=\"note\" class=\"n2-ss-slide--focus\" tabindex=\"-1\">20240517_210726<\/div><div class=\"n2-ss-layers-container n2-ss-slide-limiter n2-ow\"><div class=\"n2-ss-layer n2-ow n-uc-CggURTz4RtoW\" data-sstype=\"slide\" data-pm=\"default\"><\/div><\/div><\/div><div data-slide-duration=\"0\" data-id=\"10\" data-slide-public-id=\"3\" aria-hidden=\"true\" data-title=\"20240517_210616\" class=\"n2-ss-slide n2-ow  n2-ss-slide-10\"><div role=\"note\" class=\"n2-ss-slide--focus\" tabindex=\"-1\">20240517_210616<\/div><div class=\"n2-ss-layers-container n2-ss-slide-limiter n2-ow\"><div class=\"n2-ss-layer n2-ow n-uc-a06brxJXY8Ba\" data-sstype=\"slide\" data-pm=\"default\"><\/div><\/div><\/div>                    <\/div>\n\n                                    <\/div>\n            <\/div>\n        <\/div>\n        <div class=\"n2-ss-slider-controls n2-ss-slider-controls-absolute-left-center\"><div style=\"--widget-offset:15px;\" class=\"n2-ss-widget n2-style-107cb0e4b96e295f0c4852cfc0854d07-heading nextend-arrow n2-ow-all nextend-arrow-previous  nextend-arrow-animated-fade\" data-hide-mobileportrait=\"1\" id=\"n2-ss-3-arrow-previous\" role=\"button\" aria-label=\"previous arrow\" tabindex=\"0\"><img loading=\"lazy\" decoding=\"async\" width=\"32\" height=\"32\" class=\"skip-lazy\" data-skip-lazy=\"1\" src=\"data:image\/svg+xml;base64,PHN2ZyB4bWxucz0iaHR0cDovL3d3dy53My5vcmcvMjAwMC9zdmciIHdpZHRoPSIzMiIgaGVpZ2h0PSIzMiIgdmlld0JveD0iMCAwIDMyIDMyIj4KICAgIDxwYXRoIGZpbGw9IiNmZmZmZmYiIG9wYWNpdHk9IjAuOCIgZmlsbC1ydWxlPSJldmVub2RkIgogICAgICAgICAgZD0iTTE4Ljk5NTggOC45OTA3YzAtLjQyNC0uMjA0LS43MjMtLjYxLS44OTgtLjQwOS0uMTczLS43NzItLjEwNC0xLjA5My4yMDlsLTcuMDA2IDYuOTc1Yy0uMjAxLjE5OS0uMjk3LjQzNy0uMjg2LjcxNiAwIC4yNjcuMDk2LjQ5OC4yODYuNjg5bDcuMDA2IDcuMDAxYy4zMjEuMzIxLjY4NC4zODkgMS4wOTMuMjA5LjQwNi0uMTc0LjYxLS40ODIuNjEtLjkyMlY4Ljk5MDd6Ii8+Cjwvc3ZnPg==\" alt=\"previous arrow\"><\/div><\/div><div class=\"n2-ss-slider-controls n2-ss-slider-controls-absolute-right-center\"><div style=\"--widget-offset:15px;\" class=\"n2-ss-widget n2-style-107cb0e4b96e295f0c4852cfc0854d07-heading nextend-arrow n2-ow-all nextend-arrow-next  nextend-arrow-animated-fade\" data-hide-mobileportrait=\"1\" id=\"n2-ss-3-arrow-next\" role=\"button\" aria-label=\"next arrow\" tabindex=\"0\"><img loading=\"lazy\" decoding=\"async\" width=\"32\" height=\"32\" class=\"skip-lazy\" data-skip-lazy=\"1\" src=\"data:image\/svg+xml;base64,PHN2ZyB3aWR0aD0iMzIiIGhlaWdodD0iMzIiIHZpZXdCb3g9IjAgMCAzMiAzMiIgeG1sbnM9Imh0dHA6Ly93d3cudzMub3JnLzIwMDAvc3ZnIj4KICAgIDxwYXRoIGQ9Ik0xMiA4Ljk5YzAtLjQyMy4yMDQtLjcyMi42MS0uODk3LjQwOC0uMTczLjc3Mi0uMTA0IDEuMDkyLjIxbDcuMDA2IDYuOTc0Yy4yMDIuMi4yOTguNDM3LjI4Ny43MTYgMCAuMjY3LS4wOTYuNDk4LS4yODcuNjlsLTcuMDA2IDdjLS4zMi4zMi0uNjg0LjM5LTEuMDkyLjIxLS40MDYtLjE3NS0uNjEtLjQ4My0uNjEtLjkyM1Y4Ljk5eiIKICAgICAgICAgIGZpbGw9IiNmZmZmZmYiIG9wYWNpdHk9IjAuOCIgZmlsbC1ydWxlPSJldmVub2RkIi8+Cjwvc3ZnPg==\" alt=\"next arrow\"><\/div><\/div><div class=\"n2-ss-slider-controls n2-ss-slider-controls-absolute-center-bottom\"><div style=\"--widget-offset:10px;\" class=\"n2-ss-widget n2-ss-control-bullet n2-ow-all n2-ss-control-bullet-horizontal\"><div class=\"nextend-bullet-bar n2-bar-justify-content-center\" role=\"group\" aria-label=\"Choose slide to display.\"><div class=\"n2-bullet n2-style-7c5731d32b971634addbf0241184681a-dot\" style=\"visibility:hidden;\"><\/div><\/div><\/div><\/div><\/div><\/div><ss3-loader><\/ss3-loader><\/div><\/div><div class=\"n2_clear\"><\/div><\/div>\n\n\n<h1 class=\"wp-block-heading has-medium-font-size\"><strong>Trailer sauna\/ barrelsauna<\/strong> &#8211; <a href=\"http:\/\/barrelspa.ee\/en\/broneeringud\/\"><mark style=\"background-color:rgba(0, 0, 0, 0)\" class=\"has-inline-color has-vivid-green-cyan-color\">Book now<\/mark><\/a><\/h1>\n\n\n\n<ul class=\"wp-block-list\">\n<li>Accomodates up to 6 persons<\/li>\n\n\n\n<li>Firewood stove (30cm firewood)<\/li>\n\n\n\n<li>30l water tank<\/li>\n\n\n\n<li>Light trailer (B-cat) <\/li>\n\n\n\n<li>Heating time ~45min<\/li>\n\n\n\n<li>Led lights (battery powered) <\/li>\n<\/ul>\n\n\n\n<p>The hot tub can be transported and installed independently by the customer.<br>Compulsory is driving license and car with a towbar is required. <\/p>\n\n\n\n<p><strong>We usually hand over the hot tub at 14:00 and wait it back on the agreed date at 12:00. The duration of the rental day is 22 hours, so that we can hand over the washed and tidied hot tub to each customer in a timely manner. <br>If possible, we are flexible with timing! <\/strong><\/p>\n\n\n\n<h2 class=\"wp-block-heading has-medium-font-size\"><a href=\"http:\/\/barrelspa.ee\/en\/hinnakiri\/\"><strong>Pricelist<\/strong><\/a><\/h2>\n<\/div><\/div>","protected":false},"excerpt":{"rendered":"<p>Barrelspa.ee pakub kvaliteetset k\u00fcmblust\u00fcnnide ja haagissauna (torusauna\/t\u00fcnnisauna) renti Tartumaal ja L\u00f5una-Eestis. K\u00fcmblust\u00fcnni ehk rahvakeeli t\u00fcnnisauna ning haagissauna ehk torusauna saab kasutada aastaringselt ning need on k\u00e4rukonksu olemasolul autoga transporditavad (B-kat). Lisaks saab meie k\u00e4est rentida peotelki, aiam\u00f6\u00f6blit ja peotehnikat. Kasuta v\u00f5imalust ja muuda mistahes \u00fcritus v\u00f5i koosviibimine l\u00f5\u00f5gastavaks ja meeldej\u00e4\u00e4vaks! Asume Elva linnas. K\u00fcmblust\u00fcnn haagisel &hellip; <\/p>\n<p class=\"link-more\"><a href=\"https:\/\/barrelspa.ee\/en\/\" class=\"more-link\">Continue reading<span class=\"screen-reader-text\"> &#8220;Barrelspa k\u00fcmblust\u00fcnni ja haagissauna rent&#8221;<\/span><\/a><\/p>","protected":false},"author":2,"featured_media":0,"parent":0,"menu_order":0,"comment_status":"closed","ping_status":"closed","template":"","meta":{"footnotes":""},"class_list":["post-2","page","type-page","status-publish","hentry"],"yoast_head":"<!-- This site is optimized with the Yoast SEO plugin v27.4 - https:\/\/yoast.com\/product\/yoast-seo-wordpress\/ -->\n<title>K\u00fcmblust\u00fcnni ja sauna rent- Elva,Tartu,Tartumaa, L\u00f5una-Eesti<\/title>\n<meta name=\"description\" content=\"K\u00fcmblust\u00fcnni ja haagissauna rent T\u00fcnnisauna ja torusauna rent Tartumaal ja L\u00f5una-Eestis! Barrelspa rendib torusauna ja eksklusiivset k\u00fcmblust\u00fcnni, mis mahutab 8-10 inimest! LED &amp; MULLIS\u00dcSTEEM\" \/>\n<meta name=\"robots\" content=\"index, follow, max-snippet:-1, max-image-preview:large, max-video-preview:-1\" \/>\n<link rel=\"canonical\" href=\"https:\/\/barrelspa.ee\/en\/\" \/>\n<meta property=\"og:locale\" content=\"en_US\" \/>\n<meta property=\"og:type\" content=\"article\" \/>\n<meta property=\"og:title\" content=\"Barrelspa k\u00fcmblust\u00fcnni rent\" \/>\n<meta property=\"og:description\" content=\"Barrelspa k\u00fcmblust\u00fcnni rent Elvas, Tartumaal ja L\u00f5una-Eestis. Barrelspa rendib k\u00fcmblust\u00fcnni, mis mahutab kuni 10 inimest! K\u00fcmblust\u00fcnnis mullis\u00fcsteem ja LED valgustus!\" \/>\n<meta property=\"og:url\" content=\"https:\/\/barrelspa.ee\/en\/\" \/>\n<meta property=\"og:site_name\" content=\"K\u00fcmblust\u00fcnni ja haagissauna rent\" \/>\n<meta property=\"article:modified_time\" content=\"2026-02-08T15:14:35+00:00\" \/>\n<meta name=\"twitter:card\" content=\"summary_large_image\" \/>\n<meta name=\"twitter:label1\" content=\"Est. reading time\" \/>\n\t<meta name=\"twitter:data1\" content=\"1 minute\" \/>\n<script type=\"application\/ld+json\" class=\"yoast-schema-graph\">{\"@context\":\"https:\\\/\\\/schema.org\",\"@graph\":[{\"@type\":\"WebPage\",\"@id\":\"https:\\\/\\\/barrelspa.ee\\\/\",\"url\":\"https:\\\/\\\/barrelspa.ee\\\/\",\"name\":\"K\u00fcmblust\u00fcnni ja sauna rent- Elva,Tartu,Tartumaa, L\u00f5una-Eesti\",\"isPartOf\":{\"@id\":\"https:\\\/\\\/barrelspa.ee\\\/#website\"},\"datePublished\":\"2019-07-02T19:56:20+00:00\",\"dateModified\":\"2026-02-08T15:14:35+00:00\",\"description\":\"K\u00fcmblust\u00fcnni ja haagissauna rent T\u00fcnnisauna ja torusauna rent Tartumaal ja L\u00f5una-Eestis! Barrelspa rendib torusauna ja eksklusiivset k\u00fcmblust\u00fcnni, mis mahutab 8-10 inimest! LED & MULLIS\u00dcSTEEM\",\"breadcrumb\":{\"@id\":\"https:\\\/\\\/barrelspa.ee\\\/#breadcrumb\"},\"inLanguage\":\"en-US\",\"potentialAction\":[{\"@type\":\"ReadAction\",\"target\":[\"https:\\\/\\\/barrelspa.ee\\\/\"]}]},{\"@type\":\"BreadcrumbList\",\"@id\":\"https:\\\/\\\/barrelspa.ee\\\/#breadcrumb\",\"itemListElement\":[{\"@type\":\"ListItem\",\"position\":1,\"name\":\"Home\",\"item\":\"https:\\\/\\\/barrelspa.ee\\\/\"},{\"@type\":\"ListItem\",\"position\":2,\"name\":\"Barrelspa k\u00fcmblust\u00fcnni ja haagissauna rent\"}]},{\"@type\":\"WebSite\",\"@id\":\"https:\\\/\\\/barrelspa.ee\\\/#website\",\"url\":\"https:\\\/\\\/barrelspa.ee\\\/\",\"name\":\"K\u00fcmblust\u00fcnni ja haagissauna rent\",\"description\":\"Tartumaal ja L\u00f5una-Eestis\",\"potentialAction\":[{\"@type\":\"SearchAction\",\"target\":{\"@type\":\"EntryPoint\",\"urlTemplate\":\"https:\\\/\\\/barrelspa.ee\\\/?s={search_term_string}\"},\"query-input\":{\"@type\":\"PropertyValueSpecification\",\"valueRequired\":true,\"valueName\":\"search_term_string\"}}],\"inLanguage\":\"en-US\"}]}<\/script>\n<!-- \/ Yoast SEO plugin. -->","yoast_head_json":{"title":"K\u00fcmblust\u00fcnni ja sauna rent- Elva,Tartu,Tartumaa, L\u00f5una-Eesti","description":"K\u00fcmblust\u00fcnni ja haagissauna rent T\u00fcnnisauna ja torusauna rent Tartumaal ja L\u00f5una-Eestis! Barrelspa rendib torusauna ja eksklusiivset k\u00fcmblust\u00fcnni, mis mahutab 8-10 inimest! LED & MULLIS\u00dcSTEEM","robots":{"index":"index","follow":"follow","max-snippet":"max-snippet:-1","max-image-preview":"max-image-preview:large","max-video-preview":"max-video-preview:-1"},"canonical":"https:\/\/barrelspa.ee\/en\/","og_locale":"en_US","og_type":"article","og_title":"Barrelspa k\u00fcmblust\u00fcnni rent","og_description":"Barrelspa k\u00fcmblust\u00fcnni rent Elvas, Tartumaal ja L\u00f5una-Eestis. Barrelspa rendib k\u00fcmblust\u00fcnni, mis mahutab kuni 10 inimest! K\u00fcmblust\u00fcnnis mullis\u00fcsteem ja LED valgustus!","og_url":"https:\/\/barrelspa.ee\/en\/","og_site_name":"K\u00fcmblust\u00fcnni ja haagissauna rent","article_modified_time":"2026-02-08T15:14:35+00:00","twitter_card":"summary_large_image","twitter_misc":{"Est. reading time":"1 minute"},"schema":{"@context":"https:\/\/schema.org","@graph":[{"@type":"WebPage","@id":"https:\/\/barrelspa.ee\/","url":"https:\/\/barrelspa.ee\/","name":"K\u00fcmblust\u00fcnni ja sauna rent- Elva,Tartu,Tartumaa, L\u00f5una-Eesti","isPartOf":{"@id":"https:\/\/barrelspa.ee\/#website"},"datePublished":"2019-07-02T19:56:20+00:00","dateModified":"2026-02-08T15:14:35+00:00","description":"K\u00fcmblust\u00fcnni ja haagissauna rent T\u00fcnnisauna ja torusauna rent Tartumaal ja L\u00f5una-Eestis! Barrelspa rendib torusauna ja eksklusiivset k\u00fcmblust\u00fcnni, mis mahutab 8-10 inimest! LED & MULLIS\u00dcSTEEM","breadcrumb":{"@id":"https:\/\/barrelspa.ee\/#breadcrumb"},"inLanguage":"en-US","potentialAction":[{"@type":"ReadAction","target":["https:\/\/barrelspa.ee\/"]}]},{"@type":"BreadcrumbList","@id":"https:\/\/barrelspa.ee\/#breadcrumb","itemListElement":[{"@type":"ListItem","position":1,"name":"Home","item":"https:\/\/barrelspa.ee\/"},{"@type":"ListItem","position":2,"name":"Barrelspa k\u00fcmblust\u00fcnni ja haagissauna rent"}]},{"@type":"WebSite","@id":"https:\/\/barrelspa.ee\/#website","url":"https:\/\/barrelspa.ee\/","name":"Hottub and trailer sauna rent","description":"In Tartumaa and South Estonia","potentialAction":[{"@type":"SearchAction","target":{"@type":"EntryPoint","urlTemplate":"https:\/\/barrelspa.ee\/?s={search_term_string}"},"query-input":{"@type":"PropertyValueSpecification","valueRequired":true,"valueName":"search_term_string"}}],"inLanguage":"en-US"}]}},"_links":{"self":[{"href":"https:\/\/barrelspa.ee\/en\/wp-json\/wp\/v2\/pages\/2","targetHints":{"allow":["GET"]}}],"collection":[{"href":"https:\/\/barrelspa.ee\/en\/wp-json\/wp\/v2\/pages"}],"about":[{"href":"https:\/\/barrelspa.ee\/en\/wp-json\/wp\/v2\/types\/page"}],"author":[{"embeddable":true,"href":"https:\/\/barrelspa.ee\/en\/wp-json\/wp\/v2\/users\/2"}],"replies":[{"embeddable":true,"href":"https:\/\/barrelspa.ee\/en\/wp-json\/wp\/v2\/comments?post=2"}],"version-history":[{"count":5,"href":"https:\/\/barrelspa.ee\/en\/wp-json\/wp\/v2\/pages\/2\/revisions"}],"predecessor-version":[{"id":817,"href":"https:\/\/barrelspa.ee\/en\/wp-json\/wp\/v2\/pages\/2\/revisions\/817"}],"wp:attachment":[{"href":"https:\/\/barrelspa.ee\/en\/wp-json\/wp\/v2\/media?parent=2"}],"curies":[{"name":"wp","href":"https:\/\/api.w.org\/{rel}","templated":true}]}}