{"id":3,"date":"2019-07-02T19:56:20","date_gmt":"2019-07-02T19:56:20","guid":{"rendered":"http:\/\/barrelspa.ee\/?page_id=3"},"modified":"2019-07-25T08:48:02","modified_gmt":"2019-07-25T08:48:02","slug":"privaatsustingimused","status":"publish","type":"page","link":"https:\/\/barrelspa.ee\/en\/privaatsustingimused\/","title":{"rendered":"Privacy Policy"},"content":{"rendered":"<p>Kehtivad alates 25.07.2019<\/p>\n\n\n\n<p>Privaatsustingimused reguleerivad\nisikuandmete t\u00f6\u00f6tlemist ja k\u00fcpsiste kasutamist Estater O\u00dc (edaspidi Estater)\nveebilehel&nbsp;<a href=\"https:\/\/barrelspa.ee\/en\/\">https:\/\/barrelspa.ee<\/a>&nbsp;(edaspidi&nbsp;<em>veebileht<\/em>).<\/p>\n\n\n\n<p><strong>M\u00d5ISTED<\/strong><strong><\/strong><\/p>\n\n\n\n<p><strong>Isikuandmete t\u00f6\u00f6tlemine<\/strong>&nbsp;on\nigasugune veebilehe kasutaja (edaspidi&nbsp;<em>kasutaja<\/em>) isikuandmetega\ntehtav tegevus \u2013 andmete kogumine, t\u00f6\u00f6tlemine, talletamine, parandamine v\u00f5i\nkustutamine.<\/p>\n\n\n\n<p><strong>Kasutajad<\/strong>&nbsp;on\nk\u00f5ik isikud, kes k\u00fclastavad veebilehte, tarbivad teenuseid v\u00f5i edastavad Estaterile\nomalt poolt infot. N\u00e4iteks artiklite lugemine, teenuste tellimine v\u00f5i Estateriga\n&nbsp;meili teel \u00fchenduse v\u00f5tmine.<\/p>\n\n\n\n<p><strong>Teenused<\/strong>&nbsp;on\nk\u00f5ik Estateri poolt pakutavad tasuta ja tasulised tooted ja teenused.<\/p>\n\n\n\n<p><strong>ISIKUANDMETE T\u00d6\u00d6TLEMINE<\/strong><strong><\/strong><\/p>\n\n\n\n<p>Veebilehte kasutades annab kasutaja\nn\u00f5usoleku oma andmete t\u00f6\u00f6tlemiseks koosk\u00f5las k\u00e4esolevate\nprivaatsustingimustega.<\/p>\n\n\n\n<p>Estater kogub veebilehe kaudu\nallj\u00e4rgnevaid kasutajate isikuandmeid j\u00e4rgnevalt kirjeldatud viisidel:<\/p>\n\n\n\n<ul class=\"wp-block-list\"><li><strong>kasutaja e-posti aadress<\/strong>&nbsp;\u2013\n     e-posti aadressi sisestamine p\u00e4ringus v\u00f5i e-kirja saatmisel;<\/li><li><strong>kasutaja nimi ja e-posti\n     aadress&nbsp;<\/strong>\u2013 kasutaja poolt p\u00e4ringu tegemisel;<\/li><li><strong>kasutaja telefoni number ja\n     aadress <\/strong>\u2013 kasutaja poolt p\u00e4ringu tegemisel<\/li><li><strong>veebilehe k\u00fclastatavuse\n     statistika<\/strong>&nbsp;\u2013 Google Analyticsi, Facebook Pixeli abil.<\/li><\/ul>\n\n\n\n<p><strong>ISIKUANDMETE KASUTAMINE<\/strong><strong><\/strong><\/p>\n\n\n\n<p>Estater kasutab isikuandmeid:<\/p>\n\n\n\n<ul class=\"wp-block-list\"><li>kasutajale&nbsp;<strong>teenuse\n     osutamiseks<\/strong>,&nbsp;n\u00e4iteks lepingu s\u00f5lmimiseks ja t\u00e4itmiseks,\n     kasutajaga suhtlemiseks, arvete edastamiseks;<\/li><li>kasutaja e-posti\n     aadressile&nbsp;<strong>teavituste saatmiseks<\/strong>&nbsp;broneeringute kohta,\n     teenustest ja kampaaniatest, kuid seda vaid kasutaja eelneval n\u00f5usolekul.<\/li><\/ul>\n\n\n\n<p>Estater kasutab veebilehe k\u00fclastatavuse\nstatistikat veebilehe&nbsp;<strong>kasutajakogemuse parendamiseks&nbsp;<\/strong>ja&nbsp;<strong>efektiivsemaks\nturundamiseks.<\/strong><\/p>\n\n\n\n<p>Kasutajal on igal ajal \u00f5igus keelata oma\nisikuandmete t\u00f6\u00f6tlemine, v\u00e4lja arvatud juhul, kui see on vajalik lepingust\ntuleneva n\u00f5ude t\u00e4itmiseks, sh teenuse osutamiseks.<\/p>\n\n\n\n<p><strong>ISIKUANDMETE\nEDASTAMINE KOLMANDATELE ISIKUTELE&nbsp;<\/strong><strong><\/strong><\/p>\n\n\n\n<p><strong>Kolmas isik<\/strong>&nbsp;on\nEstateri lepingupartner, kes t\u00f6\u00f6tleb isikuandmeid ja kelle toote v\u00f5i teenuse\nabil pakub Estater kasutajale teenuseid.<\/p>\n\n\n\n<p>Estater kasutab igap\u00e4evaseks tegevuseks\nkolmandaid isikuid, kes pakuvad:<\/p>\n\n\n\n<ul class=\"wp-block-list\"><li>e-mailide edastamise ja\n     haldamise s\u00fcsteemi,<\/li><li>veebilehe majutust,<\/li><li>veebilehe kasutusstatistika\n     anal\u00fc\u00fcsi;<\/li><li>sotsiaalmeedia kasutamist ja\n     sotsiaalmeedia statistika anal\u00fc\u00fcsi,<\/li><li>raamatupidamisteenust<\/li><\/ul>\n\n\n\n<p><strong>ISIKUANDMETE\nS\u00c4ILITAMINE JA TURVALISUS<\/strong><strong><\/strong><\/p>\n\n\n\n<p>Estater s\u00e4ilitab isikuandmeid nii kaua,\nkuni see on eesm\u00e4rgi t\u00e4itmiseks v\u00f5i seadusest tulenevalt vajalik. N\u00e4iteks\nraamatupidamisandmeid s\u00e4ilitatakse 7 aastat majandusaasta l\u00f5ppemisest,\nmeililistis olevat e-maili aadressi aga seni, kuni kasutaja avaldab soovi see\nsealt eemaldada.<\/p>\n\n\n\n<p>Estater rakendab k\u00f5iki m\u00f5istlikke\nmeetmeid t\u00f6\u00f6deldavate isikuandmete kaitseks. Juurdep\u00e4\u00e4s isikuandmete muutmiseks\nja t\u00f6\u00f6tlemiseks on ainult selleks volitatud isikutel ning k\u00f5ikide kasutajate\nisikuandmeid k\u00e4sitletakse kui konfidentsiaalset informatsiooni.<\/p>\n\n\n\n<p><strong>KASUTAJA\n\u00d5IGUSED<\/strong><strong><\/strong><\/p>\n\n\n\n<p>Kasutajal on \u00f5igus igal ajal:<\/p>\n\n\n\n<ul class=\"wp-block-list\"><li>avaldada soovi juurdep\u00e4\u00e4suks\n     enda andmetele;<\/li><li>n\u00f5uda isikuandmete parandamist,\n     t\u00e4iendamist v\u00f5i seaduses etten\u00e4htud tingimustel kustutamist;<\/li><li>n\u00f5uda isikuandmete t\u00f6\u00f6tlemise\n     piiramist;<\/li><li>n\u00f5uda isikuandmete \u00fclekandmist.<\/li><\/ul>\n\n\n\n<p>Oma \u00f5iguste kasutamiseks tuleb kasutajal\nsaata e-posti aadressile&nbsp;<a href=\"mailto:info@barrelspa.ee\">mailto:info@barrelspa.ee<\/a>&nbsp;vastavasisuline\nsooviavaldus.<\/p>\n\n\n\n<p>Kui kasutaja kuulub Estateri meililisti,\non tal v\u00f5imalik kustutada end meililisti nimekirjast ja loobuda edasistest\nkirjadest e-kirja l\u00f5pus oleva lingi kaudu.<\/p>\n\n\n\n<p>K\u00fcpsiste kasutamise piiramiseks saab\nkasutaja teha vastavad valikud oma veebilehitseja seadete alt.<\/p>\n\n\n\n<p>Kui Kasutaja usub, et tema \u00f5igusi on\nisikuandmete t\u00f6\u00f6tlemisel rikutud, on tal \u00f5igus p\u00f6\u00f6rduda Andmekaitse\nInspektsiooni poole.<\/p>\n\n\n\n<p><strong>K\u00dcPSISED<\/strong><strong><\/strong><\/p>\n\n\n\n<p>Estateri veebilehel kasutatakse\nk\u00fcpsiseid, eesm\u00e4rgiga tagada parem kasutajakogemus ja efektiivsem turundustegevus\nning koguda kasutusstatistikat.<\/p>\n\n\n\n<p>Kasutades Estateri veebilehte, n\u00f5ustub\nkasutaja k\u00fcpsiste kasutamisega k\u00e4esolevas korras kirjeldatud viisil.<\/p>\n\n\n\n<p><strong>K\u00fcpsis<\/strong>&nbsp;on v\u00e4ike\ntekstifail, mille veebilehitseja automaatselt kasutaja poolt kasutatavasse\nseadmesse salvestab.&nbsp;K\u00fcpsised v\u00f5ivad olla loodud erinevate\nteenusepakkujate poolt, n\u00e4iteks Google ja Facebook. K\u00fcpsisefailid ei ole arvuti\njaoks ohtlikud.<\/p>\n\n\n\n<p>K\u00fcpsiseid on kahte t\u00fc\u00fcpi:<\/p>\n\n\n\n<ol class=\"wp-block-list\"><li><strong>P\u00fcsivaid k\u00fcpsiseid<\/strong>, mis\n     j\u00e4\u00e4vad kasutaja arvutis olevasse k\u00fcpsiste faili p\u00fcsivalt. Neid v\u00f5idakse\n     kasutada n\u00e4iteks kasutaja kui veebilehe korduvk\u00fclastaja \u00e4ratundmiseks ja\n     veebilehe sisu kohandamiseks vastavalt kasutaja vajadustele v\u00f5i\n     statistiliste andmete kogumiseks.<\/li><li><strong>Seansik\u00fcpsised<\/strong>&nbsp;on\n     ajutised ja kaovad, kui kasutaja veebilehelt lahkub v\u00f5i oma veebilehitseja\n     sulgeb. Seansik\u00fcpsiseid v\u00f5idakse kasutada veebilehe teatud funktsioonide,\n     n\u00e4iteks teenuse v\u00f5i toote taotlemise jms v\u00f5imaldamiseks.<\/li><\/ol>\n\n\n\n<p>K\u00fcpsiseid kasutatakse teabe kogumiseks\nselle kohta, kuidas veebilehte kasutatakse, et seda kasutajatele isiklikumaks\nja kasutajas\u00f5bralikumaks muuta. Lisaks aitavad k\u00fcpsised koguda\nkasutajastatistikat, mis v\u00f5imaldab m\u00f5\u00f5ta ja parandada veebilehe toimivust ning\nannab alusandmed, et viia l\u00e4bi efektiivne turundustegevus.<\/p>\n\n\n\n<p>Kasutaja loetakse k\u00fcpsistega n\u00f5ustunuks,\nkui tema veebilehitseja seadistustes on k\u00fcpsised lubatud. Tihtipeale\nveebilehitsejad lubavad vaikimisi k\u00fcpsisefailide s\u00e4ilitamist seadmesse.\nKasutaja v\u00f5ib oma seadmes k\u00fcpsiste kasutamise \u00e4ra keelata v\u00f5i need kustutada,\nmuutes oma veebilehitseja vastavaid seadeid. K\u00fcpsiste mittekasutamisel ei\npruugi veebileht korrektselt t\u00f6\u00f6tada. Juhiseid brauserist k\u00fcpsiste\nkustutamiseks ja seadistamiseks leiab n\u00e4iteks siit:&nbsp;<a href=\"https:\/\/support.google.com\/chrome\/answer\/95647?hl=en\" target=\"_blank\" rel=\"noreferrer noopener\">Chrome<\/a>,&nbsp;<a href=\"https:\/\/support.microsoft.com\/en-us\/help\/278835\/how-to-delete-cookie-files-in-internet-explorer\" target=\"_blank\" rel=\"noreferrer noopener\">Internet Explorer<\/a>.<\/p>\n\n\n\n<p>Kasutusstatistika kogumiseks kasutab Estater\nGoogle Analytics teenust, kogudes andmeid k\u00fclastatud alalehtede, k\u00fclastusaja,\nk\u00fclastuste arvu, kasutatavate seadmete, sisenemiskanalite ja muu statistika\nkohta.<\/p>\n\n\n\n<p>Google Analytics v\u00f5ib siiski koguda\nandmeid kasutajate aktiivsuse kohta ka ilma k\u00fcpsisefaile kasutamata. Selleks,\net Google Analytics ei saaks andmeid kasutada, saab kasutaja paigaldada oma\nseadmesse Google Analytics\u2019i blokeeriva rakenduse:&nbsp;<a href=\"https:\/\/tools.google.com\/dlpage\/gaoptout?hl=en\" target=\"_blank\" rel=\"noreferrer noopener\">Google Analyticsist loobumise brauserilaiend<\/a>.<\/p>\n\n\n\n<p><strong>PRIVAATSUSTINGIMUSTE MUUTMINE<\/strong><strong><\/strong><\/p>\n\n\n\n<p>Estater j\u00e4tab endale \u00f5iguse muuta\nprivaatsustingimusi \u00fchepoolselt ja ette teatamata, eesm\u00e4rgiga kindlustada nende\nvastavus seadustele. Privaatsustingimused on oma uusimas versioonis alati\nveebilehel saadaval.<\/p>\n\n\n\n<p>K\u00f5igi privaatsustingimuste ja\nandmet\u00f6\u00f6tluse kohta tekkivate k\u00fcsimustega palume v\u00f5tta meiega \u00fchendust\naadressil&nbsp;<a href=\"mailto:info@barrelspa.ee\">mailto:info@barrelspa.ee<\/a><\/p>","protected":false},"excerpt":{"rendered":"<p>Kehtivad alates 25.07.2019 Privaatsustingimused reguleerivad isikuandmete t\u00f6\u00f6tlemist ja k\u00fcpsiste kasutamist Estater O\u00dc (edaspidi Estater) veebilehel&nbsp;https:\/\/barrelspa.ee&nbsp;(edaspidi&nbsp;veebileht). M\u00d5ISTED Isikuandmete t\u00f6\u00f6tlemine&nbsp;on igasugune veebilehe kasutaja (edaspidi&nbsp;kasutaja) isikuandmetega tehtav tegevus \u2013 andmete kogumine, t\u00f6\u00f6tlemine, talletamine, parandamine v\u00f5i kustutamine. Kasutajad&nbsp;on k\u00f5ik isikud, kes k\u00fclastavad veebilehte, tarbivad teenuseid v\u00f5i edastavad Estaterile omalt poolt infot. N\u00e4iteks artiklite lugemine, teenuste tellimine v\u00f5i Estateriga &nbsp;meili &hellip; <\/p>\n<p class=\"link-more\"><a href=\"https:\/\/barrelspa.ee\/en\/privaatsustingimused\/\" class=\"more-link\">Continue reading<span class=\"screen-reader-text\"> &#8220;Privaatsustingimused&#8221;<\/span><\/a><\/p>","protected":false},"author":1,"featured_media":0,"parent":0,"menu_order":0,"comment_status":"closed","ping_status":"open","template":"","meta":{"footnotes":""},"class_list":["post-3","page","type-page","status-publish","hentry"],"yoast_head":"<!-- This site is optimized with the Yoast SEO plugin v27.3 - https:\/\/yoast.com\/product\/yoast-seo-wordpress\/ -->\n<title>Privaatsustingimused - K\u00fcmblust\u00fcnni ja haagissauna rent<\/title>\n<meta name=\"robots\" content=\"index, follow, max-snippet:-1, max-image-preview:large, max-video-preview:-1\" \/>\n<link rel=\"canonical\" href=\"https:\/\/barrelspa.ee\/en\/privaatsustingimused\/\" \/>\n<meta property=\"og:locale\" content=\"en_US\" \/>\n<meta property=\"og:type\" content=\"article\" \/>\n<meta property=\"og:title\" content=\"Privaatsustingimused - K\u00fcmblust\u00fcnni ja haagissauna rent\" \/>\n<meta property=\"og:description\" content=\"Kehtivad alates 25.07.2019 Privaatsustingimused reguleerivad isikuandmete t\u00f6\u00f6tlemist ja k\u00fcpsiste kasutamist Estater O\u00dc (edaspidi Estater) veebilehel&nbsp;https:\/\/barrelspa.ee&nbsp;(edaspidi&nbsp;veebileht). M\u00d5ISTED Isikuandmete t\u00f6\u00f6tlemine&nbsp;on igasugune veebilehe kasutaja (edaspidi&nbsp;kasutaja) isikuandmetega tehtav tegevus \u2013 andmete kogumine, t\u00f6\u00f6tlemine, talletamine, parandamine v\u00f5i kustutamine. Kasutajad&nbsp;on k\u00f5ik isikud, kes k\u00fclastavad veebilehte, tarbivad teenuseid v\u00f5i edastavad Estaterile omalt poolt infot. N\u00e4iteks artiklite lugemine, teenuste tellimine v\u00f5i Estateriga &nbsp;meili &hellip; Continue reading &quot;Privaatsustingimused&quot;\" \/>\n<meta property=\"og:url\" content=\"https:\/\/barrelspa.ee\/en\/privaatsustingimused\/\" \/>\n<meta property=\"og:site_name\" content=\"K\u00fcmblust\u00fcnni ja haagissauna rent\" \/>\n<meta property=\"article:modified_time\" content=\"2019-07-25T08:48:02+00:00\" \/>\n<meta name=\"twitter:card\" content=\"summary_large_image\" \/>\n<meta name=\"twitter:label1\" content=\"Est. reading time\" \/>\n\t<meta name=\"twitter:data1\" content=\"4 minutes\" \/>\n<script type=\"application\/ld+json\" class=\"yoast-schema-graph\">{\"@context\":\"https:\\\/\\\/schema.org\",\"@graph\":[{\"@type\":\"WebPage\",\"@id\":\"https:\\\/\\\/barrelspa.ee\\\/privaatsustingimused\\\/\",\"url\":\"https:\\\/\\\/barrelspa.ee\\\/privaatsustingimused\\\/\",\"name\":\"Privaatsustingimused - K\u00fcmblust\u00fcnni ja haagissauna rent\",\"isPartOf\":{\"@id\":\"https:\\\/\\\/barrelspa.ee\\\/#website\"},\"datePublished\":\"2019-07-02T19:56:20+00:00\",\"dateModified\":\"2019-07-25T08:48:02+00:00\",\"breadcrumb\":{\"@id\":\"https:\\\/\\\/barrelspa.ee\\\/privaatsustingimused\\\/#breadcrumb\"},\"inLanguage\":\"en-US\",\"potentialAction\":[{\"@type\":\"ReadAction\",\"target\":[\"https:\\\/\\\/barrelspa.ee\\\/privaatsustingimused\\\/\"]}]},{\"@type\":\"BreadcrumbList\",\"@id\":\"https:\\\/\\\/barrelspa.ee\\\/privaatsustingimused\\\/#breadcrumb\",\"itemListElement\":[{\"@type\":\"ListItem\",\"position\":1,\"name\":\"Home\",\"item\":\"https:\\\/\\\/barrelspa.ee\\\/\"},{\"@type\":\"ListItem\",\"position\":2,\"name\":\"Privaatsustingimused\"}]},{\"@type\":\"WebSite\",\"@id\":\"https:\\\/\\\/barrelspa.ee\\\/#website\",\"url\":\"https:\\\/\\\/barrelspa.ee\\\/\",\"name\":\"K\u00fcmblust\u00fcnni ja haagissauna rent\",\"description\":\"Tartumaal ja L\u00f5una-Eestis\",\"potentialAction\":[{\"@type\":\"SearchAction\",\"target\":{\"@type\":\"EntryPoint\",\"urlTemplate\":\"https:\\\/\\\/barrelspa.ee\\\/?s={search_term_string}\"},\"query-input\":{\"@type\":\"PropertyValueSpecification\",\"valueRequired\":true,\"valueName\":\"search_term_string\"}}],\"inLanguage\":\"en-US\"}]}<\/script>\n<!-- \/ Yoast SEO plugin. -->","yoast_head_json":{"title":"Privaatsustingimused - K\u00fcmblust\u00fcnni ja haagissauna rent","robots":{"index":"index","follow":"follow","max-snippet":"max-snippet:-1","max-image-preview":"max-image-preview:large","max-video-preview":"max-video-preview:-1"},"canonical":"https:\/\/barrelspa.ee\/en\/privaatsustingimused\/","og_locale":"en_US","og_type":"article","og_title":"Privaatsustingimused - K\u00fcmblust\u00fcnni ja haagissauna rent","og_description":"Kehtivad alates 25.07.2019 Privaatsustingimused reguleerivad isikuandmete t\u00f6\u00f6tlemist ja k\u00fcpsiste kasutamist Estater O\u00dc (edaspidi Estater) veebilehel&nbsp;https:\/\/barrelspa.ee&nbsp;(edaspidi&nbsp;veebileht). M\u00d5ISTED Isikuandmete t\u00f6\u00f6tlemine&nbsp;on igasugune veebilehe kasutaja (edaspidi&nbsp;kasutaja) isikuandmetega tehtav tegevus \u2013 andmete kogumine, t\u00f6\u00f6tlemine, talletamine, parandamine v\u00f5i kustutamine. Kasutajad&nbsp;on k\u00f5ik isikud, kes k\u00fclastavad veebilehte, tarbivad teenuseid v\u00f5i edastavad Estaterile omalt poolt infot. N\u00e4iteks artiklite lugemine, teenuste tellimine v\u00f5i Estateriga &nbsp;meili &hellip; Continue reading \"Privaatsustingimused\"","og_url":"https:\/\/barrelspa.ee\/en\/privaatsustingimused\/","og_site_name":"K\u00fcmblust\u00fcnni ja haagissauna rent","article_modified_time":"2019-07-25T08:48:02+00:00","twitter_card":"summary_large_image","twitter_misc":{"Est. reading time":"4 minutes"},"schema":{"@context":"https:\/\/schema.org","@graph":[{"@type":"WebPage","@id":"https:\/\/barrelspa.ee\/privaatsustingimused\/","url":"https:\/\/barrelspa.ee\/privaatsustingimused\/","name":"Privaatsustingimused - K\u00fcmblust\u00fcnni ja haagissauna rent","isPartOf":{"@id":"https:\/\/barrelspa.ee\/#website"},"datePublished":"2019-07-02T19:56:20+00:00","dateModified":"2019-07-25T08:48:02+00:00","breadcrumb":{"@id":"https:\/\/barrelspa.ee\/privaatsustingimused\/#breadcrumb"},"inLanguage":"en-US","potentialAction":[{"@type":"ReadAction","target":["https:\/\/barrelspa.ee\/privaatsustingimused\/"]}]},{"@type":"BreadcrumbList","@id":"https:\/\/barrelspa.ee\/privaatsustingimused\/#breadcrumb","itemListElement":[{"@type":"ListItem","position":1,"name":"Home","item":"https:\/\/barrelspa.ee\/"},{"@type":"ListItem","position":2,"name":"Privaatsustingimused"}]},{"@type":"WebSite","@id":"https:\/\/barrelspa.ee\/#website","url":"https:\/\/barrelspa.ee\/","name":"Hottub and trailer sauna rent","description":"In Tartumaa and South Estonia","potentialAction":[{"@type":"SearchAction","target":{"@type":"EntryPoint","urlTemplate":"https:\/\/barrelspa.ee\/?s={search_term_string}"},"query-input":{"@type":"PropertyValueSpecification","valueRequired":true,"valueName":"search_term_string"}}],"inLanguage":"en-US"}]}},"_links":{"self":[{"href":"https:\/\/barrelspa.ee\/en\/wp-json\/wp\/v2\/pages\/3","targetHints":{"allow":["GET"]}}],"collection":[{"href":"https:\/\/barrelspa.ee\/en\/wp-json\/wp\/v2\/pages"}],"about":[{"href":"https:\/\/barrelspa.ee\/en\/wp-json\/wp\/v2\/types\/page"}],"author":[{"embeddable":true,"href":"https:\/\/barrelspa.ee\/en\/wp-json\/wp\/v2\/users\/1"}],"replies":[{"embeddable":true,"href":"https:\/\/barrelspa.ee\/en\/wp-json\/wp\/v2\/comments?post=3"}],"version-history":[{"count":1,"href":"https:\/\/barrelspa.ee\/en\/wp-json\/wp\/v2\/pages\/3\/revisions"}],"predecessor-version":[{"id":169,"href":"https:\/\/barrelspa.ee\/en\/wp-json\/wp\/v2\/pages\/3\/revisions\/169"}],"wp:attachment":[{"href":"https:\/\/barrelspa.ee\/en\/wp-json\/wp\/v2\/media?parent=3"}],"curies":[{"name":"wp","href":"https:\/\/api.w.org\/{rel}","templated":true}]}}