{"id":357,"date":"2020-07-25T17:12:09","date_gmt":"2020-07-25T17:12:09","guid":{"rendered":"https:\/\/barrelspa.ee\/?page_id=357"},"modified":"2023-05-17T13:51:01","modified_gmt":"2023-05-17T13:51:01","slug":"helitehnika-ja-peotelgi-rent","status":"publish","type":"page","link":"https:\/\/barrelspa.ee\/en\/helitehnika-ja-peotelgi-rent\/","title":{"rendered":"Sound equipment and party tent rental"},"content":{"rendered":"<p>In Tartumaa and South Estonia<\/p>\n\n\n\n<p>We offer sound equipment, party tent, and garden furniture rentals for organizing small and medium-sized events. <\/p>\n\n\n\n<p>The party tent is a 3x3m pop-up tent, compact and easy to set up. It fits into a car with a universal frame and can be easily assembled by two people. The tent carry bag measures 163x43x31cm and weighs 43 kg, while the covers are 63x42x28cm and weigh 27 kg. <\/p>\n\n\n\n<p>The garden furniture set includes a folding table (dimensions 180x75x72 cm \/ folded approximately 90x75x12 cm) and two benches (dimensions 180x25x43 cm). <\/p>\n\n\n\n<figure class=\"wp-block-gallery has-nested-images columns-default is-cropped wp-block-gallery-1 is-layout-flex wp-block-gallery-is-layout-flex\">\n<figure class=\"wp-block-image size-large\"><img loading=\"lazy\" decoding=\"async\" width=\"1920\" height=\"2560\" data-id=\"450\" src=\"https:\/\/barrelspa.ee\/wp-content\/uploads\/2021\/07\/20210725_203843-scaled.jpg\" alt=\"\" class=\"wp-image-450\" srcset=\"https:\/\/barrelspa.ee\/wp-content\/uploads\/2021\/07\/20210725_203843-scaled.jpg 1920w, https:\/\/barrelspa.ee\/wp-content\/uploads\/2021\/07\/20210725_203843-225x300.jpg 225w, https:\/\/barrelspa.ee\/wp-content\/uploads\/2021\/07\/20210725_203843-768x1024.jpg 768w, https:\/\/barrelspa.ee\/wp-content\/uploads\/2021\/07\/20210725_203843-1152x1536.jpg 1152w, https:\/\/barrelspa.ee\/wp-content\/uploads\/2021\/07\/20210725_203843-1536x2048.jpg 1536w, https:\/\/barrelspa.ee\/wp-content\/uploads\/2021\/07\/20210725_203843-9x12.jpg 9w, https:\/\/barrelspa.ee\/wp-content\/uploads\/2021\/07\/20210725_203843-350x467.jpg 350w\" sizes=\"auto, (max-width: 706px) 89vw, (max-width: 767px) 82vw, 740px\" \/><figcaption>Pop-up tent 3x3m<\/figcaption><\/figure>\n\n\n\n<figure class=\"wp-block-image size-large\"><img loading=\"lazy\" decoding=\"async\" width=\"600\" height=\"600\" data-id=\"460\" src=\"https:\/\/barrelspa.ee\/wp-content\/uploads\/2021\/08\/8719883800813_g_en_hd_1.jpg\" alt=\"\" class=\"wp-image-460\" srcset=\"https:\/\/barrelspa.ee\/wp-content\/uploads\/2021\/08\/8719883800813_g_en_hd_1.jpg 600w, https:\/\/barrelspa.ee\/wp-content\/uploads\/2021\/08\/8719883800813_g_en_hd_1-300x300.jpg 300w, https:\/\/barrelspa.ee\/wp-content\/uploads\/2021\/08\/8719883800813_g_en_hd_1-150x150.jpg 150w, https:\/\/barrelspa.ee\/wp-content\/uploads\/2021\/08\/8719883800813_g_en_hd_1-12x12.jpg 12w, https:\/\/barrelspa.ee\/wp-content\/uploads\/2021\/08\/8719883800813_g_en_hd_1-100x100.jpg 100w, https:\/\/barrelspa.ee\/wp-content\/uploads\/2021\/08\/8719883800813_g_en_hd_1-250x250.jpg 250w, https:\/\/barrelspa.ee\/wp-content\/uploads\/2021\/08\/8719883800813_g_en_hd_1-350x350.jpg 350w\" sizes=\"auto, (max-width: 600px) 100vw, 600px\" \/><figcaption>Folding garden furniture<\/figcaption><\/figure>\n\n\n\n<figure class=\"wp-block-image size-medium\"><img loading=\"lazy\" decoding=\"async\" width=\"300\" height=\"237\" data-id=\"545\" src=\"https:\/\/barrelspa.ee\/wp-content\/uploads\/2022\/07\/Capture-300x237.png\" alt=\"\" class=\"wp-image-545\" srcset=\"https:\/\/barrelspa.ee\/wp-content\/uploads\/2022\/07\/Capture-300x237.png 300w, https:\/\/barrelspa.ee\/wp-content\/uploads\/2022\/07\/Capture-768x606.png 768w, https:\/\/barrelspa.ee\/wp-content\/uploads\/2022\/07\/Capture-15x12.png 15w, https:\/\/barrelspa.ee\/wp-content\/uploads\/2022\/07\/Capture.png 980w\" sizes=\"auto, (max-width: 300px) 100vw, 300px\" \/><figcaption>IR heater 2,5kw<\/figcaption><\/figure>\n<\/figure>\n\n\n\n<figure class=\"wp-block-embed is-type-video is-provider-youtube wp-block-embed-youtube wp-embed-aspect-16-9 wp-has-aspect-ratio\"><div class=\"wp-block-embed__wrapper\">\n<iframe loading=\"lazy\" title=\"Pop Up telk Scandipro 3x3m\" width=\"525\" height=\"295\" src=\"https:\/\/www.youtube.com\/embed\/qNBw8ZBggAk?feature=oembed\" frameborder=\"0\" allow=\"accelerometer; autoplay; clipboard-write; encrypted-media; gyroscope; picture-in-picture; web-share\" referrerpolicy=\"strict-origin-when-cross-origin\" allowfullscreen><\/iframe>\n<\/div><figcaption>Sample video of setup <\/figcaption><\/figure>\n\n\n\n<p>For sound equipment, we offer the compact yet powerful portable speaker JBL Partybox 310, which fills larger rooms and outdoor spaces with loud music and rich bass.<br>Power 240W<br>Connectivity: bluetooth or 3,5mm audio jack<br>Battery: up to 18h<br>Measurment: 792 x 388 x 430mm<br>Weight:  17,4kg<br>It has the option to connect a microphone, and if desired, you can also take along a wireless microphone Numark WS100 for karaoke and other activities. <\/p>\n\n\n\n<figure class=\"wp-block-gallery aligncenter has-nested-images columns-2 wp-block-gallery-2 is-layout-flex wp-block-gallery-is-layout-flex\">\n<figure class=\"wp-block-image size-full\"><img loading=\"lazy\" decoding=\"async\" width=\"600\" height=\"600\" data-id=\"586\" src=\"https:\/\/barrelspa.ee\/wp-content\/uploads\/2023\/05\/jbl-partybox-310-kolar-eest-1.png\" alt=\"\" class=\"wp-image-586\" srcset=\"https:\/\/barrelspa.ee\/wp-content\/uploads\/2023\/05\/jbl-partybox-310-kolar-eest-1.png 600w, https:\/\/barrelspa.ee\/wp-content\/uploads\/2023\/05\/jbl-partybox-310-kolar-eest-1-300x300.png 300w, https:\/\/barrelspa.ee\/wp-content\/uploads\/2023\/05\/jbl-partybox-310-kolar-eest-1-150x150.png 150w, https:\/\/barrelspa.ee\/wp-content\/uploads\/2023\/05\/jbl-partybox-310-kolar-eest-1-12x12.png 12w, https:\/\/barrelspa.ee\/wp-content\/uploads\/2023\/05\/jbl-partybox-310-kolar-eest-1-100x100.png 100w\" sizes=\"auto, (max-width: 600px) 100vw, 600px\" \/><figcaption>JBL Partybox 310<\/figcaption><\/figure>\n\n\n\n<figure class=\"wp-block-image size-large\"><img loading=\"lazy\" decoding=\"async\" width=\"300\" height=\"300\" data-id=\"368\" src=\"https:\/\/barrelspa.ee\/wp-content\/uploads\/2020\/07\/numark_WS100_medium-300x300.jpg\" alt=\"\" class=\"wp-image-368\" srcset=\"https:\/\/barrelspa.ee\/wp-content\/uploads\/2020\/07\/numark_WS100_medium-300x300.jpg 300w, https:\/\/barrelspa.ee\/wp-content\/uploads\/2020\/07\/numark_WS100_medium-150x150.jpg 150w, https:\/\/barrelspa.ee\/wp-content\/uploads\/2020\/07\/numark_WS100_medium-100x100.jpg 100w, https:\/\/barrelspa.ee\/wp-content\/uploads\/2020\/07\/numark_WS100_medium-250x250.jpg 250w, https:\/\/barrelspa.ee\/wp-content\/uploads\/2020\/07\/numark_WS100_medium-350x350.jpg 350w, https:\/\/barrelspa.ee\/wp-content\/uploads\/2020\/07\/numark_WS100_medium.jpg 400w\" sizes=\"auto, (max-width: 300px) 100vw, 300px\" \/><\/figure>\n<\/figure>","protected":false},"excerpt":{"rendered":"<p>Tartumaal ja L\u00f5una-Eestis Pakume helitehnika, peotelgi ja aiam\u00f6\u00f6bli renti v\u00e4ikeste ja keskmiste \u00fcrituste korraldamiseks. Peotelgi n\u00e4ol on tegemist 3x3m pop-up telgiga, mis on kompaktne ja lihtsasti \u00fcles seatav. Mahub universaalkerega s\u00f5iduautosse ja on kergesti \u00fcles seatav kahe inimese poolt. Telgi kandekott 163x43x31cm 43 kg ja katted 63x42x28cm 27kg. Aiam\u00f6\u00f6bli komplekti kuulub kokkupandav laud (m\u00f5\u00f5dud 180x75x72 &hellip; <\/p>\n<p class=\"link-more\"><a href=\"https:\/\/barrelspa.ee\/en\/helitehnika-ja-peotelgi-rent\/\" class=\"more-link\">Continue reading<span class=\"screen-reader-text\"> &#8220;Helitehnika ja peotelgi rent&#8221;<\/span><\/a><\/p>","protected":false},"author":2,"featured_media":0,"parent":0,"menu_order":0,"comment_status":"closed","ping_status":"closed","template":"","meta":{"footnotes":""},"class_list":["post-357","page","type-page","status-publish","hentry"],"yoast_head":"<!-- This site is optimized with the Yoast SEO plugin v27.4 - https:\/\/yoast.com\/product\/yoast-seo-wordpress\/ -->\n<title>Helitehnika ja peotelgi rent - K\u00fcmblust\u00fcnni ja haagissauna rent<\/title>\n<meta name=\"description\" content=\"Helitehnika, peotehnika ja aiam\u00f6\u00f6bli rent v\u00e4ikeste ja keskmiste \u00fcrituste korraldamiseks. Sobib seminaride, kliendi\u00fcrituste, spordi\u00fcrituste ning pidulike s\u00fcndmuste l\u00e4biviimiseks.\" \/>\n<meta name=\"robots\" content=\"index, follow, max-snippet:-1, max-image-preview:large, max-video-preview:-1\" \/>\n<link rel=\"canonical\" href=\"https:\/\/barrelspa.ee\/en\/helitehnika-ja-peotelgi-rent\/\" \/>\n<meta property=\"og:locale\" content=\"en_US\" \/>\n<meta property=\"og:type\" content=\"article\" \/>\n<meta property=\"og:title\" content=\"Helitehnika ja peotelgi rent - K\u00fcmblust\u00fcnni ja haagissauna rent\" \/>\n<meta property=\"og:description\" content=\"Helitehnika, peotehnika ja aiam\u00f6\u00f6bli rent v\u00e4ikeste ja keskmiste \u00fcrituste korraldamiseks. Sobib seminaride, kliendi\u00fcrituste, spordi\u00fcrituste ning pidulike s\u00fcndmuste l\u00e4biviimiseks.\" \/>\n<meta property=\"og:url\" content=\"https:\/\/barrelspa.ee\/en\/helitehnika-ja-peotelgi-rent\/\" \/>\n<meta property=\"og:site_name\" content=\"K\u00fcmblust\u00fcnni ja haagissauna rent\" \/>\n<meta property=\"article:modified_time\" content=\"2023-05-17T13:51:01+00:00\" \/>\n<meta property=\"og:image\" content=\"https:\/\/barrelspa.ee\/wp-content\/uploads\/2021\/07\/20210725_203843-scaled.jpg\" \/>\n<meta name=\"twitter:card\" content=\"summary_large_image\" \/>\n<meta name=\"twitter:label1\" content=\"Est. reading time\" \/>\n\t<meta name=\"twitter:data1\" content=\"2 minutes\" \/>\n<script type=\"application\/ld+json\" class=\"yoast-schema-graph\">{\"@context\":\"https:\\\/\\\/schema.org\",\"@graph\":[{\"@type\":\"WebPage\",\"@id\":\"https:\\\/\\\/barrelspa.ee\\\/helitehnika-ja-peotelgi-rent\\\/\",\"url\":\"https:\\\/\\\/barrelspa.ee\\\/helitehnika-ja-peotelgi-rent\\\/\",\"name\":\"Helitehnika ja peotelgi rent - K\u00fcmblust\u00fcnni ja haagissauna rent\",\"isPartOf\":{\"@id\":\"https:\\\/\\\/barrelspa.ee\\\/#website\"},\"primaryImageOfPage\":{\"@id\":\"https:\\\/\\\/barrelspa.ee\\\/helitehnika-ja-peotelgi-rent\\\/#primaryimage\"},\"image\":{\"@id\":\"https:\\\/\\\/barrelspa.ee\\\/helitehnika-ja-peotelgi-rent\\\/#primaryimage\"},\"thumbnailUrl\":\"https:\\\/\\\/barrelspa.ee\\\/wp-content\\\/uploads\\\/2021\\\/07\\\/20210725_203843-scaled.jpg\",\"datePublished\":\"2020-07-25T17:12:09+00:00\",\"dateModified\":\"2023-05-17T13:51:01+00:00\",\"description\":\"Helitehnika, peotehnika ja aiam\u00f6\u00f6bli rent v\u00e4ikeste ja keskmiste \u00fcrituste korraldamiseks. Sobib seminaride, kliendi\u00fcrituste, spordi\u00fcrituste ning pidulike s\u00fcndmuste l\u00e4biviimiseks.\",\"breadcrumb\":{\"@id\":\"https:\\\/\\\/barrelspa.ee\\\/helitehnika-ja-peotelgi-rent\\\/#breadcrumb\"},\"inLanguage\":\"en-US\",\"potentialAction\":[{\"@type\":\"ReadAction\",\"target\":[\"https:\\\/\\\/barrelspa.ee\\\/helitehnika-ja-peotelgi-rent\\\/\"]}]},{\"@type\":\"ImageObject\",\"inLanguage\":\"en-US\",\"@id\":\"https:\\\/\\\/barrelspa.ee\\\/helitehnika-ja-peotelgi-rent\\\/#primaryimage\",\"url\":\"https:\\\/\\\/barrelspa.ee\\\/wp-content\\\/uploads\\\/2021\\\/07\\\/20210725_203843-scaled.jpg\",\"contentUrl\":\"https:\\\/\\\/barrelspa.ee\\\/wp-content\\\/uploads\\\/2021\\\/07\\\/20210725_203843-scaled.jpg\"},{\"@type\":\"BreadcrumbList\",\"@id\":\"https:\\\/\\\/barrelspa.ee\\\/helitehnika-ja-peotelgi-rent\\\/#breadcrumb\",\"itemListElement\":[{\"@type\":\"ListItem\",\"position\":1,\"name\":\"Home\",\"item\":\"https:\\\/\\\/barrelspa.ee\\\/\"},{\"@type\":\"ListItem\",\"position\":2,\"name\":\"Helitehnika ja peotelgi rent\"}]},{\"@type\":\"WebSite\",\"@id\":\"https:\\\/\\\/barrelspa.ee\\\/#website\",\"url\":\"https:\\\/\\\/barrelspa.ee\\\/\",\"name\":\"K\u00fcmblust\u00fcnni ja haagissauna rent\",\"description\":\"Tartumaal ja L\u00f5una-Eestis\",\"potentialAction\":[{\"@type\":\"SearchAction\",\"target\":{\"@type\":\"EntryPoint\",\"urlTemplate\":\"https:\\\/\\\/barrelspa.ee\\\/?s={search_term_string}\"},\"query-input\":{\"@type\":\"PropertyValueSpecification\",\"valueRequired\":true,\"valueName\":\"search_term_string\"}}],\"inLanguage\":\"en-US\"}]}<\/script>\n<!-- \/ Yoast SEO plugin. -->","yoast_head_json":{"title":"Helitehnika ja peotelgi rent - K\u00fcmblust\u00fcnni ja haagissauna rent","description":"Helitehnika, peotehnika ja aiam\u00f6\u00f6bli rent v\u00e4ikeste ja keskmiste \u00fcrituste korraldamiseks. Sobib seminaride, kliendi\u00fcrituste, spordi\u00fcrituste ning pidulike s\u00fcndmuste l\u00e4biviimiseks.","robots":{"index":"index","follow":"follow","max-snippet":"max-snippet:-1","max-image-preview":"max-image-preview:large","max-video-preview":"max-video-preview:-1"},"canonical":"https:\/\/barrelspa.ee\/en\/helitehnika-ja-peotelgi-rent\/","og_locale":"en_US","og_type":"article","og_title":"Helitehnika ja peotelgi rent - K\u00fcmblust\u00fcnni ja haagissauna rent","og_description":"Helitehnika, peotehnika ja aiam\u00f6\u00f6bli rent v\u00e4ikeste ja keskmiste \u00fcrituste korraldamiseks. Sobib seminaride, kliendi\u00fcrituste, spordi\u00fcrituste ning pidulike s\u00fcndmuste l\u00e4biviimiseks.","og_url":"https:\/\/barrelspa.ee\/en\/helitehnika-ja-peotelgi-rent\/","og_site_name":"K\u00fcmblust\u00fcnni ja haagissauna rent","article_modified_time":"2023-05-17T13:51:01+00:00","og_image":[{"url":"https:\/\/barrelspa.ee\/wp-content\/uploads\/2021\/07\/20210725_203843-scaled.jpg","type":"","width":"","height":""}],"twitter_card":"summary_large_image","twitter_misc":{"Est. reading time":"2 minutes"},"schema":{"@context":"https:\/\/schema.org","@graph":[{"@type":"WebPage","@id":"https:\/\/barrelspa.ee\/helitehnika-ja-peotelgi-rent\/","url":"https:\/\/barrelspa.ee\/helitehnika-ja-peotelgi-rent\/","name":"Helitehnika ja peotelgi rent - K\u00fcmblust\u00fcnni ja haagissauna rent","isPartOf":{"@id":"https:\/\/barrelspa.ee\/#website"},"primaryImageOfPage":{"@id":"https:\/\/barrelspa.ee\/helitehnika-ja-peotelgi-rent\/#primaryimage"},"image":{"@id":"https:\/\/barrelspa.ee\/helitehnika-ja-peotelgi-rent\/#primaryimage"},"thumbnailUrl":"https:\/\/barrelspa.ee\/wp-content\/uploads\/2021\/07\/20210725_203843-scaled.jpg","datePublished":"2020-07-25T17:12:09+00:00","dateModified":"2023-05-17T13:51:01+00:00","description":"Helitehnika, peotehnika ja aiam\u00f6\u00f6bli rent v\u00e4ikeste ja keskmiste \u00fcrituste korraldamiseks. Sobib seminaride, kliendi\u00fcrituste, spordi\u00fcrituste ning pidulike s\u00fcndmuste l\u00e4biviimiseks.","breadcrumb":{"@id":"https:\/\/barrelspa.ee\/helitehnika-ja-peotelgi-rent\/#breadcrumb"},"inLanguage":"en-US","potentialAction":[{"@type":"ReadAction","target":["https:\/\/barrelspa.ee\/helitehnika-ja-peotelgi-rent\/"]}]},{"@type":"ImageObject","inLanguage":"en-US","@id":"https:\/\/barrelspa.ee\/helitehnika-ja-peotelgi-rent\/#primaryimage","url":"https:\/\/barrelspa.ee\/wp-content\/uploads\/2021\/07\/20210725_203843-scaled.jpg","contentUrl":"https:\/\/barrelspa.ee\/wp-content\/uploads\/2021\/07\/20210725_203843-scaled.jpg"},{"@type":"BreadcrumbList","@id":"https:\/\/barrelspa.ee\/helitehnika-ja-peotelgi-rent\/#breadcrumb","itemListElement":[{"@type":"ListItem","position":1,"name":"Home","item":"https:\/\/barrelspa.ee\/"},{"@type":"ListItem","position":2,"name":"Helitehnika ja peotelgi rent"}]},{"@type":"WebSite","@id":"https:\/\/barrelspa.ee\/#website","url":"https:\/\/barrelspa.ee\/","name":"Hottub and trailer sauna rent","description":"In Tartumaa and South Estonia","potentialAction":[{"@type":"SearchAction","target":{"@type":"EntryPoint","urlTemplate":"https:\/\/barrelspa.ee\/?s={search_term_string}"},"query-input":{"@type":"PropertyValueSpecification","valueRequired":true,"valueName":"search_term_string"}}],"inLanguage":"en-US"}]}},"_links":{"self":[{"href":"https:\/\/barrelspa.ee\/en\/wp-json\/wp\/v2\/pages\/357","targetHints":{"allow":["GET"]}}],"collection":[{"href":"https:\/\/barrelspa.ee\/en\/wp-json\/wp\/v2\/pages"}],"about":[{"href":"https:\/\/barrelspa.ee\/en\/wp-json\/wp\/v2\/types\/page"}],"author":[{"embeddable":true,"href":"https:\/\/barrelspa.ee\/en\/wp-json\/wp\/v2\/users\/2"}],"replies":[{"embeddable":true,"href":"https:\/\/barrelspa.ee\/en\/wp-json\/wp\/v2\/comments?post=357"}],"version-history":[{"count":5,"href":"https:\/\/barrelspa.ee\/en\/wp-json\/wp\/v2\/pages\/357\/revisions"}],"predecessor-version":[{"id":591,"href":"https:\/\/barrelspa.ee\/en\/wp-json\/wp\/v2\/pages\/357\/revisions\/591"}],"wp:attachment":[{"href":"https:\/\/barrelspa.ee\/en\/wp-json\/wp\/v2\/media?parent=357"}],"curies":[{"name":"wp","href":"https:\/\/api.w.org\/{rel}","templated":true}]}}